{"id":1075,"date":"2025-03-07T16:32:15","date_gmt":"2025-03-07T16:32:15","guid":{"rendered":"https:\/\/procesadores.mx\/pypr\/?page_id=1075"},"modified":"2025-03-16T16:35:18","modified_gmt":"2025-03-16T16:35:18","slug":"aviso-de-privacidad","status":"publish","type":"page","link":"https:\/\/procesadores.mx\/pypr\/aviso-de-privacidad\/","title":{"rendered":"Aviso de privacidad"},"content":{"rendered":"\t\t<div data-elementor-type=\"wp-page\" data-elementor-id=\"1075\" class=\"elementor elementor-1075\">\n\t\t\t\t<div class=\"elementor-element elementor-element-c33a680 e-flex e-con-boxed e-con e-parent\" data-id=\"c33a680\" data-element_type=\"container\" data-e-type=\"container\">\n\t\t\t\t\t<div class=\"e-con-inner\">\n\t\t\t\t<div class=\"elementor-element elementor-element-41a71fa elementor-widget elementor-widget-spacer\" data-id=\"41a71fa\" data-element_type=\"widget\" data-e-type=\"widget\" data-widget_type=\"spacer.default\">\n\t\t\t\t<div class=\"elementor-widget-container\">\n\t\t\t\t\t\t\t<div class=\"elementor-spacer\">\n\t\t\t<div class=\"elementor-spacer-inner\"><\/div>\n\t\t<\/div>\n\t\t\t\t\t\t<\/div>\n\t\t\t\t<\/div>\n\t\t\t\t\t<\/div>\n\t\t\t\t<\/div>\n\t\t<div class=\"elementor-element elementor-element-63b6d84 e-flex e-con-boxed e-con e-parent\" data-id=\"63b6d84\" data-element_type=\"container\" data-e-type=\"container\">\n\t\t\t\t\t<div class=\"e-con-inner\">\n\t\t\t\t<div class=\"elementor-element elementor-element-109dceb elementor-widget elementor-widget-heading\" data-id=\"109dceb\" data-element_type=\"widget\" data-e-type=\"widget\" data-widget_type=\"heading.default\">\n\t\t\t\t<div class=\"elementor-widget-container\">\n\t\t\t\t\t<h2 class=\"elementor-heading-title elementor-size-default\">Aviso de Privacidad<\/h2>\t\t\t\t<\/div>\n\t\t\t\t<\/div>\n\t\t\t\t\t<\/div>\n\t\t\t\t<\/div>\n\t\t<div class=\"elementor-element elementor-element-3189094 e-con-full e-flex e-con e-parent\" data-id=\"3189094\" data-element_type=\"container\" data-e-type=\"container\">\n\t\t\t\t<div class=\"elementor-element elementor-element-95a475d elementor-widget__width-initial elementor-widget elementor-widget-text-editor\" data-id=\"95a475d\" data-element_type=\"widget\" data-e-type=\"widget\" data-widget_type=\"text-editor.default\">\n\t\t\t\t<div class=\"elementor-widget-container\">\n\t\t\t\t\t\t\t\t\t<p>De acuerdo a lo previsto por la \u201cLey Federal de Protecci\u00f3n de Datos Personales\u201d&nbsp; declara&nbsp; <br>PROCESADORES Y PARTES EN RETAIL, S. DE R. L. DE C.V., ser una empresa legalmente constituida de conformidad con las leyes mexicanas, con domicilio para o\u00edr y recibir toda clase de notificaciones el ubicado en la calle Paseo de los Laureles No. 458 Edificio A Oficina 401 Colonia Bosques de las Lomas en la Alcald\u00eda Cuajimalpa de Morelos de la Ciudad de M\u00e9xico, con n\u00famero telef\u00f3nico (55) 9149 2233,&nbsp; a mismo declara ser el responsable del tratamiento <br>al que ser\u00e1n sometidos sus datos personales, tales como:<\/p>\n<p>1.- Nombre:<\/p>\n<p>2.- Direcci\u00f3n Fiscal:<\/p>\n<p>3.- Direcci\u00f3n Particular:<\/p>\n<p>4.- Tel\u00e9fono:<\/p>\n<p>5.- Email:<\/p>\n<p>PROCESADORES Y PARTES EN RETAIL, S. DE R.L. DE C.V., hace de su conocimiento que la informaci\u00f3n proporcionada por sus clientes y proveedores es tratada de forma estrictamente confidencial as\u00ed como para prevenir el acceso no autorizado a sus datos personales y con el fin de asegurar que la informaci\u00f3n sea utilizada para los fines establecidos en este aviso de privacidad, <br>PROCESADORES Y PARTES EN RETAIL, S. DE R.L. DE C.V., ha establecido procedimientos para evitar el uso o divulgaci\u00f3n no autorizada de sus datos y para asegurarlo ha designando para el resguardo de dichos datos personales al C. MIGUEL ANGEL MENA MALDONADO, quien es el contacto directo de nuestra empresa para con Usted.<br>Todos sus datos personales son tratados de acuerdo a la legislaci\u00f3n aplicable y vigente en el pa\u00eds, por ello le informamos que Usted tiene los derechos (ARCO) de acceder, ratificar, cancelar u oponerse al tratamiento que le damos a sus datos personales; derecho que deber\u00e1 hacer a trav\u00e9s del \u00e1rea de privacidad encargada de la seguridad de datos personales en el tel\u00e9fono (55)91492246, o por medio del correo electr\u00f3nico contabilidad@procesadores.net, a trav\u00e9s de estos canales Usted podr\u00e1 actualizar sus datos y especificar el medio por el cual desea recibir informaci\u00f3n, ya que en caso de no contar con esta especificaci\u00f3n de su parte PROCESADORES Y PARTES EN RETAIL, S. DE R.L. DE C.V., establecer\u00e1 libremente el canal que considere pertinente para enviarle informaci\u00f3n.<br>Este aviso de privacidad podr\u00e1 ser modificado por PROCESADORES Y PARTES EN RETAIL, S. DE R.L. DE C.V. y&nbsp;&nbsp;dichas modificaciones ser\u00edan informadas a trav\u00e9s del correo electr\u00f3nico correspondiente.<\/p>\t\t\t\t\t\t\t\t<\/div>\n\t\t\t\t<\/div>\n\t\t\t\t<\/div>\n\t\t<div class=\"elementor-element elementor-element-008382d e-flex e-con-boxed e-con e-parent\" data-id=\"008382d\" data-element_type=\"container\" data-e-type=\"container\">\n\t\t\t\t\t<div class=\"e-con-inner\">\n\t\t\t\t<div class=\"elementor-element elementor-element-27399f4 elementor-widget elementor-widget-hfe-breadcrumbs-widget\" data-id=\"27399f4\" data-element_type=\"widget\" data-e-type=\"widget\" data-widget_type=\"hfe-breadcrumbs-widget.default\">\n\t\t\t\t<div class=\"elementor-widget-container\">\n\t\t\t\t\t<nav aria-label=\"Breadcrumb\"><ul class=\"hfe-breadcrumbs hfe-breadcrumbs-show-home\"><li class=\"hfe-breadcrumbs-item hfe-breadcrumbs-first\"><span class=\"hfe-breadcrumbs-home-icon\"><svg aria-hidden=\"true\" class=\"e-font-icon-svg e-fas-home\" viewBox=\"0 0 576 512\" xmlns=\"http:\/\/www.w3.org\/2000\/svg\"><path d=\"M280.37 148.26L96 300.11V464a16 16 0 0 0 16 16l112.06-.29a16 16 0 0 0 15.92-16V368a16 16 0 0 1 16-16h64a16 16 0 0 1 16 16v95.64a16 16 0 0 0 16 16.05L464 480a16 16 0 0 0 16-16V300L295.67 148.26a12.19 12.19 0 0 0-15.3 0zM571.6 251.47L488 182.56V44.05a12 12 0 0 0-12-12h-56a12 12 0 0 0-12 12v72.61L318.47 43a48 48 0 0 0-61 0L4.34 251.47a12 12 0 0 0-1.6 16.9l25.5 31A12 12 0 0 0 45.15 301l235.22-193.74a12.19 12.19 0 0 1 15.3 0L530.9 301a12 12 0 0 0 16.9-1.6l25.5-31a12 12 0 0 0-1.7-16.93z\"><\/path><\/svg><\/span><a href=\"https:\/\/procesadores.mx\/pypr\"><span class=\"hfe-breadcrumbs-text\">Inicio<\/span><\/a><\/li><\/ul><\/nav>\t\t\t\t<\/div>\n\t\t\t\t<\/div>\n\t\t\t\t\t<\/div>\n\t\t\t\t<\/div>\n\t\t\t\t<\/div>\n\t\t","protected":false},"excerpt":{"rendered":"<p>Aviso de Privacidad De acuerdo a lo previsto por la \u201cLey Federal de Protecci\u00f3n de Datos Personales\u201d&nbsp; declara&nbsp; PROCESADORES Y PARTES EN RETAIL, S. DE R. L. DE C.V., ser una empresa legalmente constituida de conformidad con las leyes mexicanas, con domicilio para o\u00edr y recibir toda clase de notificaciones el ubicado en la calle [&hellip;]<\/p>\n","protected":false},"author":2,"featured_media":0,"parent":0,"menu_order":0,"comment_status":"closed","ping_status":"closed","template":"","meta":{"nf_dc_page":"","site-sidebar-layout":"no-sidebar","site-content-layout":"","ast-site-content-layout":"full-width-container","site-content-style":"default","site-sidebar-style":"default","ast-global-header-display":"","ast-banner-title-visibility":"","ast-main-header-display":"","ast-hfb-above-header-display":"","ast-hfb-below-header-display":"","ast-hfb-mobile-header-display":"","site-post-title":"disabled","ast-breadcrumbs-content":"","ast-featured-img":"disabled","footer-sml-layout":"","ast-disable-related-posts":"","theme-transparent-header-meta":"","adv-header-id-meta":"","stick-header-meta":"","header-above-stick-meta":"","header-main-stick-meta":"","header-below-stick-meta":"","astra-migrate-meta-layouts":"default","ast-page-background-enabled":"default","ast-page-background-meta":{"desktop":{"background-color":"var(--ast-global-color-4)","background-image":"","background-repeat":"repeat","background-position":"center center","background-size":"auto","background-attachment":"scroll","background-type":"","background-media":"","overlay-type":"","overlay-color":"","overlay-opacity":"","overlay-gradient":""},"tablet":{"background-color":"","background-image":"","background-repeat":"repeat","background-position":"center center","background-size":"auto","background-attachment":"scroll","background-type":"","background-media":"","overlay-type":"","overlay-color":"","overlay-opacity":"","overlay-gradient":""},"mobile":{"background-color":"","background-image":"","background-repeat":"repeat","background-position":"center center","background-size":"auto","background-attachment":"scroll","background-type":"","background-media":"","overlay-type":"","overlay-color":"","overlay-opacity":"","overlay-gradient":""}},"ast-content-background-meta":{"desktop":{"background-color":"var(--ast-global-color-5)","background-image":"","background-repeat":"repeat","background-position":"center center","background-size":"auto","background-attachment":"scroll","background-type":"","background-media":"","overlay-type":"","overlay-color":"","overlay-opacity":"","overlay-gradient":""},"tablet":{"background-color":"var(--ast-global-color-5)","background-image":"","background-repeat":"repeat","background-position":"center center","background-size":"auto","background-attachment":"scroll","background-type":"","background-media":"","overlay-type":"","overlay-color":"","overlay-opacity":"","overlay-gradient":""},"mobile":{"background-color":"var(--ast-global-color-5)","background-image":"","background-repeat":"repeat","background-position":"center center","background-size":"auto","background-attachment":"scroll","background-type":"","background-media":"","overlay-type":"","overlay-color":"","overlay-opacity":"","overlay-gradient":""}},"footnotes":""},"class_list":["post-1075","page","type-page","status-publish","hentry"],"aioseo_notices":[],"_links":{"self":[{"href":"https:\/\/procesadores.mx\/pypr\/wp-json\/wp\/v2\/pages\/1075","targetHints":{"allow":["GET"]}}],"collection":[{"href":"https:\/\/procesadores.mx\/pypr\/wp-json\/wp\/v2\/pages"}],"about":[{"href":"https:\/\/procesadores.mx\/pypr\/wp-json\/wp\/v2\/types\/page"}],"author":[{"embeddable":true,"href":"https:\/\/procesadores.mx\/pypr\/wp-json\/wp\/v2\/users\/2"}],"replies":[{"embeddable":true,"href":"https:\/\/procesadores.mx\/pypr\/wp-json\/wp\/v2\/comments?post=1075"}],"version-history":[{"count":5,"href":"https:\/\/procesadores.mx\/pypr\/wp-json\/wp\/v2\/pages\/1075\/revisions"}],"predecessor-version":[{"id":2097,"href":"https:\/\/procesadores.mx\/pypr\/wp-json\/wp\/v2\/pages\/1075\/revisions\/2097"}],"wp:attachment":[{"href":"https:\/\/procesadores.mx\/pypr\/wp-json\/wp\/v2\/media?parent=1075"}],"curies":[{"name":"wp","href":"https:\/\/api.w.org\/{rel}","templated":true}]}}