{"id":2084,"date":"2025-03-16T16:22:31","date_gmt":"2025-03-16T16:22:31","guid":{"rendered":"https:\/\/procesadores.mx\/pypr\/?page_id=2084"},"modified":"2025-03-16T16:52:33","modified_gmt":"2025-03-16T16:52:33","slug":"aviso-legal","status":"publish","type":"page","link":"https:\/\/procesadores.mx\/pypr\/aviso-legal\/","title":{"rendered":"Aviso Legal"},"content":{"rendered":"\t\t<div data-elementor-type=\"wp-page\" data-elementor-id=\"2084\" class=\"elementor elementor-2084\">\n\t\t\t\t<div class=\"elementor-element elementor-element-6c2dba1 e-flex e-con-boxed e-con e-parent\" data-id=\"6c2dba1\" data-element_type=\"container\" data-e-type=\"container\">\n\t\t\t\t\t<div class=\"e-con-inner\">\n\t\t\t\t<div class=\"elementor-element elementor-element-c7a9b58 elementor-widget elementor-widget-spacer\" data-id=\"c7a9b58\" data-element_type=\"widget\" data-e-type=\"widget\" data-widget_type=\"spacer.default\">\n\t\t\t\t<div class=\"elementor-widget-container\">\n\t\t\t\t\t\t\t<div class=\"elementor-spacer\">\n\t\t\t<div class=\"elementor-spacer-inner\"><\/div>\n\t\t<\/div>\n\t\t\t\t\t\t<\/div>\n\t\t\t\t<\/div>\n\t\t\t\t\t<\/div>\n\t\t\t\t<\/div>\n\t\t<div class=\"elementor-element elementor-element-de3ca1b e-flex e-con-boxed e-con e-parent\" data-id=\"de3ca1b\" data-element_type=\"container\" data-e-type=\"container\">\n\t\t\t\t\t<div class=\"e-con-inner\">\n\t\t\t\t<div class=\"elementor-element elementor-element-35a44e1 elementor-widget elementor-widget-heading\" data-id=\"35a44e1\" data-element_type=\"widget\" data-e-type=\"widget\" data-widget_type=\"heading.default\">\n\t\t\t\t<div class=\"elementor-widget-container\">\n\t\t\t\t\t<h2 class=\"elementor-heading-title elementor-size-default\">Aviso Legal<\/h2>\t\t\t\t<\/div>\n\t\t\t\t<\/div>\n\t\t\t\t\t<\/div>\n\t\t\t\t<\/div>\n\t\t<div class=\"elementor-element elementor-element-6e8891a e-flex e-con-boxed e-con e-parent\" data-id=\"6e8891a\" data-element_type=\"container\" data-e-type=\"container\">\n\t\t\t\t\t<div class=\"e-con-inner\">\n\t\t\t\t<div class=\"elementor-element elementor-element-8bc7f6d elementor-widget elementor-widget-text-editor\" data-id=\"8bc7f6d\" data-element_type=\"widget\" data-e-type=\"widget\" data-widget_type=\"text-editor.default\">\n\t\t\t\t<div class=\"elementor-widget-container\">\n\t\t\t\t\t\t\t\t\t<p><strong>1. Informaci\u00f3n General<\/strong><br \/>En cumplimiento con la legislaci\u00f3n aplicable, se informa a los usuarios que el sitio web procesadores.mx es propiedad de Procesadores y Partes en Retail S.A. de C.V., con domicilio en Pl\u00e1sticos #88, San Francisco Cuautlapan, Estado de M\u00e9xico, M\u00e9xico, CP53569., y correo electr\u00f3nico de contacto: contabilidad@procesadores.net.<\/p><p><strong>2. Condiciones de Uso<\/strong><br \/>El acceso y uso del sitio web procesadores.mx implican la aceptaci\u00f3n plena y sin reservas de los t\u00e9rminos del presente Aviso Legal. <br \/>La empresa se reserva el derecho de modificar estos t\u00e9rminos en cualquier momento sin previo aviso.<\/p><p><strong>3. Propiedad Intelectual<\/strong><br \/>Todos los contenidos del sitio web, incluidos textos, im\u00e1genes, logotipos, gr\u00e1ficos, videos y software, son propiedad exclusiva de la empresa o de terceros autorizados, y est\u00e1n protegidos por las leyes de propiedad intelectual e industrial. Queda prohibida la reproducci\u00f3n, distribuci\u00f3n o modificaci\u00f3n sin autorizaci\u00f3n expresa.<\/p><p><strong>4. Responsabilidad<\/strong><\/p><p>La empresa no se hace responsable del uso indebido de la informaci\u00f3n publicada en este sitio web.<br \/>No garantiza la disponibilidad continua del sitio ni la ausencia de errores en sus contenidos.<br \/>No se hace responsable de enlaces externos a sitios de terceros ni del contenido alojado en ellos.<\/p><p><strong>5. Protecci\u00f3n de Datos Personales<\/strong><br \/>El tratamiento de los datos personales se realiza conforme a la Pol\u00edtica de Privacidad, la cual puede consultarse en <a href=\"https:\/\/procesadores.mx\/pypr\/politica-privacidad\">https:\/\/procesadores.mx\/pypr\/politica-privacidad<\/a><\/p><p><strong>6. Legislaci\u00f3n Aplicable y Jurisdicci\u00f3n<\/strong><br \/>Este Aviso Legal se rige por la legislaci\u00f3n vigente en M\u00e9xico. Cualquier controversia derivada del uso del sitio web ser\u00e1 sometida a la jurisdicci\u00f3n de los <br \/>tribunales competentes en la CDMX y Estado de M\u00e9xico.<\/p><p><strong>7. Contacto<\/strong><br \/>Para cualquier consulta sobre este Aviso Legal, puedes escribirnos a contabilidad@procesadores.net.<\/p>\t\t\t\t\t\t\t\t<\/div>\n\t\t\t\t<\/div>\n\t\t\t\t\t<\/div>\n\t\t\t\t<\/div>\n\t\t\t\t<\/div>\n\t\t","protected":false},"excerpt":{"rendered":"<p>Aviso Legal 1. Informaci\u00f3n GeneralEn cumplimiento con la legislaci\u00f3n aplicable, se informa a los usuarios que el sitio web procesadores.mx es propiedad de Procesadores y Partes en Retail S.A. de C.V., con domicilio en Pl\u00e1sticos #88, San Francisco Cuautlapan, Estado de M\u00e9xico, M\u00e9xico, CP53569., y correo electr\u00f3nico de contacto: contabilidad@procesadores.net. 2. Condiciones de UsoEl acceso [&hellip;]<\/p>\n","protected":false},"author":2,"featured_media":0,"parent":0,"menu_order":0,"comment_status":"closed","ping_status":"closed","template":"","meta":{"nf_dc_page":"","site-sidebar-layout":"no-sidebar","site-content-layout":"","ast-site-content-layout":"full-width-container","site-content-style":"default","site-sidebar-style":"default","ast-global-header-display":"","ast-banner-title-visibility":"","ast-main-header-display":"","ast-hfb-above-header-display":"","ast-hfb-below-header-display":"","ast-hfb-mobile-header-display":"","site-post-title":"disabled","ast-breadcrumbs-content":"","ast-featured-img":"disabled","footer-sml-layout":"","ast-disable-related-posts":"","theme-transparent-header-meta":"","adv-header-id-meta":"","stick-header-meta":"","header-above-stick-meta":"","header-main-stick-meta":"","header-below-stick-meta":"","astra-migrate-meta-layouts":"default","ast-page-background-enabled":"default","ast-page-background-meta":{"desktop":{"background-color":"var(--ast-global-color-4)","background-image":"","background-repeat":"repeat","background-position":"center center","background-size":"auto","background-attachment":"scroll","background-type":"","background-media":"","overlay-type":"","overlay-color":"","overlay-opacity":"","overlay-gradient":""},"tablet":{"background-color":"","background-image":"","background-repeat":"repeat","background-position":"center center","background-size":"auto","background-attachment":"scroll","background-type":"","background-media":"","overlay-type":"","overlay-color":"","overlay-opacity":"","overlay-gradient":""},"mobile":{"background-color":"","background-image":"","background-repeat":"repeat","background-position":"center center","background-size":"auto","background-attachment":"scroll","background-type":"","background-media":"","overlay-type":"","overlay-color":"","overlay-opacity":"","overlay-gradient":""}},"ast-content-background-meta":{"desktop":{"background-color":"var(--ast-global-color-5)","background-image":"","background-repeat":"repeat","background-position":"center center","background-size":"auto","background-attachment":"scroll","background-type":"","background-media":"","overlay-type":"","overlay-color":"","overlay-opacity":"","overlay-gradient":""},"tablet":{"background-color":"var(--ast-global-color-5)","background-image":"","background-repeat":"repeat","background-position":"center center","background-size":"auto","background-attachment":"scroll","background-type":"","background-media":"","overlay-type":"","overlay-color":"","overlay-opacity":"","overlay-gradient":""},"mobile":{"background-color":"var(--ast-global-color-5)","background-image":"","background-repeat":"repeat","background-position":"center center","background-size":"auto","background-attachment":"scroll","background-type":"","background-media":"","overlay-type":"","overlay-color":"","overlay-opacity":"","overlay-gradient":""}},"footnotes":""},"class_list":["post-2084","page","type-page","status-publish","hentry"],"aioseo_notices":[],"_links":{"self":[{"href":"https:\/\/procesadores.mx\/pypr\/wp-json\/wp\/v2\/pages\/2084","targetHints":{"allow":["GET"]}}],"collection":[{"href":"https:\/\/procesadores.mx\/pypr\/wp-json\/wp\/v2\/pages"}],"about":[{"href":"https:\/\/procesadores.mx\/pypr\/wp-json\/wp\/v2\/types\/page"}],"author":[{"embeddable":true,"href":"https:\/\/procesadores.mx\/pypr\/wp-json\/wp\/v2\/users\/2"}],"replies":[{"embeddable":true,"href":"https:\/\/procesadores.mx\/pypr\/wp-json\/wp\/v2\/comments?post=2084"}],"version-history":[{"count":5,"href":"https:\/\/procesadores.mx\/pypr\/wp-json\/wp\/v2\/pages\/2084\/revisions"}],"predecessor-version":[{"id":2122,"href":"https:\/\/procesadores.mx\/pypr\/wp-json\/wp\/v2\/pages\/2084\/revisions\/2122"}],"wp:attachment":[{"href":"https:\/\/procesadores.mx\/pypr\/wp-json\/wp\/v2\/media?parent=2084"}],"curies":[{"name":"wp","href":"https:\/\/api.w.org\/{rel}","templated":true}]}}