{"id":1756,"date":"2025-03-14T19:36:47","date_gmt":"2025-03-14T19:36:47","guid":{"rendered":"https:\/\/procesadores.mx\/pypr\/?post_type=product&#038;p=1756"},"modified":"2025-03-15T19:49:23","modified_gmt":"2025-03-15T19:49:23","slug":"asrock-monitor-phantom-gaming-34","status":"publish","type":"product","link":"https:\/\/procesadores.mx\/pypr\/producto\/asrock-monitor-phantom-gaming-34\/","title":{"rendered":"ASRock Monitor Phantom Gaming 34\u201d"},"content":{"rendered":"<p>El ASRock PG34WQ15R3A Phantom Gaming 34\u201d cuenta con un panel VA curvo de 34\u201d con resoluci\u00f3n WQHD (3440&#215;1440), proporcionando im\u00e1genes n\u00edtidas y colores vibrantes.<br \/>\nSu tasa de refresco de 165 Hz y tiempo de respuesta de 1 ms (MPRT) garantizan fluidez y precisi\u00f3n en cada movimiento.<br \/>\nCompatible con AMD FreeSync\u2122 Premium, elimina tearing y stuttering para un rendimiento \u00f3ptimo.<br \/>\nSu dise\u00f1o ultrapanor\u00e1mico 21:9 ofrece mayor campo de visi\u00f3n en juegos y productividad.<br \/>\nIncorpora puertos HDMI, DisplayPort y USB-C, adem\u00e1s de tecnolog\u00eda flicker-free y reducci\u00f3n de luz azul para una experiencia visual c\u00f3moda en largas sesiones.<\/p>\n","protected":false},"excerpt":{"rendered":"<p>Sum\u00e9rgete en la acci\u00f3n con el ASRock PG34WQ15R3A Phantom Gaming 34\u201d, un monitor curvo ultra ancho con resoluci\u00f3n WQHD, alta frecuencia de actualizaci\u00f3n y tecnolog\u00eda avanzada para una experiencia gaming inmersiva.<\/p>\n","protected":false},"featured_media":1759,"template":"","meta":{"nf_dc_page":"","site-sidebar-layout":"default","site-content-layout":"","ast-site-content-layout":"default","site-content-style":"default","site-sidebar-style":"default","ast-global-header-display":"","ast-banner-title-visibility":"","ast-main-header-display":"","ast-hfb-above-header-display":"","ast-hfb-below-header-display":"","ast-hfb-mobile-header-display":"","site-post-title":"","ast-breadcrumbs-content":"","ast-featured-img":"","footer-sml-layout":"","ast-disable-related-posts":"","theme-transparent-header-meta":"default","adv-header-id-meta":"","stick-header-meta":"","header-above-stick-meta":"","header-main-stick-meta":"","header-below-stick-meta":"","astra-migrate-meta-layouts":"set","ast-page-background-enabled":"default","ast-page-background-meta":{"desktop":{"background-color":"var(--ast-global-color-4)","background-image":"","background-repeat":"repeat","background-position":"center center","background-size":"auto","background-attachment":"scroll","background-type":"","background-media":"","overlay-type":"","overlay-color":"","overlay-opacity":"","overlay-gradient":""},"tablet":{"background-color":"","background-image":"","background-repeat":"repeat","background-position":"center center","background-size":"auto","background-attachment":"scroll","background-type":"","background-media":"","overlay-type":"","overlay-color":"","overlay-opacity":"","overlay-gradient":""},"mobile":{"background-color":"","background-image":"","background-repeat":"repeat","background-position":"center center","background-size":"auto","background-attachment":"scroll","background-type":"","background-media":"","overlay-type":"","overlay-color":"","overlay-opacity":"","overlay-gradient":""}},"ast-content-background-meta":{"desktop":{"background-color":"var(--ast-global-color-5)","background-image":"","background-repeat":"repeat","background-position":"center center","background-size":"auto","background-attachment":"scroll","background-type":"","background-media":"","overlay-type":"","overlay-color":"","overlay-opacity":"","overlay-gradient":""},"tablet":{"background-color":"var(--ast-global-color-5)","background-image":"","background-repeat":"repeat","background-position":"center center","background-size":"auto","background-attachment":"scroll","background-type":"","background-media":"","overlay-type":"","overlay-color":"","overlay-opacity":"","overlay-gradient":""},"mobile":{"background-color":"var(--ast-global-color-5)","background-image":"","background-repeat":"repeat","background-position":"center center","background-size":"auto","background-attachment":"scroll","background-type":"","background-media":"","overlay-type":"","overlay-color":"","overlay-opacity":"","overlay-gradient":""}}},"pwb-brand":[70],"product_brand":[],"product_cat":[32],"product_tag":[59],"class_list":{"0":"post-1756","1":"product","2":"type-product","3":"status-publish","4":"has-post-thumbnail","6":"pwb-brand-asrock","7":"product_cat-pantallas","8":"product_tag-monitor","9":"desktop-align-left","10":"tablet-align-left","11":"mobile-align-left","13":"first","14":"instock","15":"shipping-taxable","16":"product-type-simple"},"aioseo_notices":[],"brands":[{"id":70,"name":"ASRock","slug":"asrock"}],"_links":{"self":[{"href":"https:\/\/procesadores.mx\/pypr\/wp-json\/wp\/v2\/product\/1756","targetHints":{"allow":["GET"]}}],"collection":[{"href":"https:\/\/procesadores.mx\/pypr\/wp-json\/wp\/v2\/product"}],"about":[{"href":"https:\/\/procesadores.mx\/pypr\/wp-json\/wp\/v2\/types\/product"}],"wp:featuredmedia":[{"embeddable":true,"href":"https:\/\/procesadores.mx\/pypr\/wp-json\/wp\/v2\/media\/1759"}],"wp:attachment":[{"href":"https:\/\/procesadores.mx\/pypr\/wp-json\/wp\/v2\/media?parent=1756"}],"wp:term":[{"taxonomy":"pwb-brand","embeddable":true,"href":"https:\/\/procesadores.mx\/pypr\/wp-json\/wp\/v2\/pwb-brand?post=1756"},{"taxonomy":"product_brand","embeddable":true,"href":"https:\/\/procesadores.mx\/pypr\/wp-json\/wp\/v2\/product_brand?post=1756"},{"taxonomy":"product_cat","embeddable":true,"href":"https:\/\/procesadores.mx\/pypr\/wp-json\/wp\/v2\/product_cat?post=1756"},{"taxonomy":"product_tag","embeddable":true,"href":"https:\/\/procesadores.mx\/pypr\/wp-json\/wp\/v2\/product_tag?post=1756"}],"curies":[{"name":"wp","href":"https:\/\/api.w.org\/{rel}","templated":true}]}}