{"id":2264,"date":"2025-03-21T20:34:39","date_gmt":"2025-03-21T20:34:39","guid":{"rendered":"https:\/\/procesadores.mx\/pypr\/?post_type=product&#038;p=2264"},"modified":"2025-03-21T21:08:39","modified_gmt":"2025-03-21T21:08:39","slug":"canvio-basics-1tb","status":"publish","type":"product","link":"https:\/\/procesadores.mx\/pypr\/producto\/canvio-basics-1tb\/","title":{"rendered":"Toshiba Canvio Basics 1TB"},"content":{"rendered":"<p>\ud83d\udd39 Capacidad: 1TB<br \/>\n\ud83d\udd39 Interfaz: USB 3.2 Gen 1 (compatible con USB 2.0)<br \/>\n\ud83d\udd39 Formato: NTFS (para Windows, reformateable para macOS)<br \/>\n\ud83d\udd39 Velocidad de transferencia: Hasta 5 Gbps<br \/>\n\ud83d\udd39 Dise\u00f1o: Compacto y ligero, sin necesidad de fuente de alimentaci\u00f3n externa<br \/>\n\ud83d\udd39 Compatibilidad: Windows, macOS (requiere reformateo)<br \/>\n\ud83d\udd39 Plug &amp; Play: F\u00e1cil de usar, sin instalaci\u00f3n de software adicional<\/p>\n","protected":false},"excerpt":{"rendered":"<p>Almacena y transporta tus archivos con total confianza con el Toshiba Canvio Basics 1TB.<br \/>\nDise\u00f1o compacto, conexi\u00f3n USB 3.2 Gen 1 y transferencia r\u00e1pida de datos, ideal para respaldar documentos, fotos y videos en cualquier lugar.<\/p>\n","protected":false},"featured_media":2270,"template":"","meta":{"nf_dc_page":"","site-sidebar-layout":"default","site-content-layout":"","ast-site-content-layout":"default","site-content-style":"default","site-sidebar-style":"default","ast-global-header-display":"","ast-banner-title-visibility":"","ast-main-header-display":"","ast-hfb-above-header-display":"","ast-hfb-below-header-display":"","ast-hfb-mobile-header-display":"","site-post-title":"","ast-breadcrumbs-content":"","ast-featured-img":"","footer-sml-layout":"","ast-disable-related-posts":"","theme-transparent-header-meta":"default","adv-header-id-meta":"","stick-header-meta":"","header-above-stick-meta":"","header-main-stick-meta":"","header-below-stick-meta":"","astra-migrate-meta-layouts":"set","ast-page-background-enabled":"default","ast-page-background-meta":{"desktop":{"background-color":"var(--ast-global-color-4)","background-image":"","background-repeat":"repeat","background-position":"center center","background-size":"auto","background-attachment":"scroll","background-type":"","background-media":"","overlay-type":"","overlay-color":"","overlay-opacity":"","overlay-gradient":""},"tablet":{"background-color":"","background-image":"","background-repeat":"repeat","background-position":"center center","background-size":"auto","background-attachment":"scroll","background-type":"","background-media":"","overlay-type":"","overlay-color":"","overlay-opacity":"","overlay-gradient":""},"mobile":{"background-color":"","background-image":"","background-repeat":"repeat","background-position":"center center","background-size":"auto","background-attachment":"scroll","background-type":"","background-media":"","overlay-type":"","overlay-color":"","overlay-opacity":"","overlay-gradient":""}},"ast-content-background-meta":{"desktop":{"background-color":"var(--ast-global-color-5)","background-image":"","background-repeat":"repeat","background-position":"center center","background-size":"auto","background-attachment":"scroll","background-type":"","background-media":"","overlay-type":"","overlay-color":"","overlay-opacity":"","overlay-gradient":""},"tablet":{"background-color":"var(--ast-global-color-5)","background-image":"","background-repeat":"repeat","background-position":"center center","background-size":"auto","background-attachment":"scroll","background-type":"","background-media":"","overlay-type":"","overlay-color":"","overlay-opacity":"","overlay-gradient":""},"mobile":{"background-color":"var(--ast-global-color-5)","background-image":"","background-repeat":"repeat","background-position":"center center","background-size":"auto","background-attachment":"scroll","background-type":"","background-media":"","overlay-type":"","overlay-color":"","overlay-opacity":"","overlay-gradient":""}}},"pwb-brand":[75],"product_brand":[],"product_cat":[82,22],"product_tag":[84,83,88],"class_list":{"0":"post-2264","1":"product","2":"type-product","3":"status-publish","4":"has-post-thumbnail","6":"pwb-brand-toshiba","7":"product_cat-disco-duro-externo","8":"product_cat-productos-recomendados","9":"product_tag-canvio","10":"product_tag-hdd","11":"product_tag-portatil","12":"desktop-align-left","13":"tablet-align-left","14":"mobile-align-left","16":"first","17":"instock","18":"shipping-taxable","19":"product-type-simple"},"aioseo_notices":[],"brands":[{"id":75,"name":"Toshiba","slug":"toshiba"}],"_links":{"self":[{"href":"https:\/\/procesadores.mx\/pypr\/wp-json\/wp\/v2\/product\/2264","targetHints":{"allow":["GET"]}}],"collection":[{"href":"https:\/\/procesadores.mx\/pypr\/wp-json\/wp\/v2\/product"}],"about":[{"href":"https:\/\/procesadores.mx\/pypr\/wp-json\/wp\/v2\/types\/product"}],"wp:featuredmedia":[{"embeddable":true,"href":"https:\/\/procesadores.mx\/pypr\/wp-json\/wp\/v2\/media\/2270"}],"wp:attachment":[{"href":"https:\/\/procesadores.mx\/pypr\/wp-json\/wp\/v2\/media?parent=2264"}],"wp:term":[{"taxonomy":"pwb-brand","embeddable":true,"href":"https:\/\/procesadores.mx\/pypr\/wp-json\/wp\/v2\/pwb-brand?post=2264"},{"taxonomy":"product_brand","embeddable":true,"href":"https:\/\/procesadores.mx\/pypr\/wp-json\/wp\/v2\/product_brand?post=2264"},{"taxonomy":"product_cat","embeddable":true,"href":"https:\/\/procesadores.mx\/pypr\/wp-json\/wp\/v2\/product_cat?post=2264"},{"taxonomy":"product_tag","embeddable":true,"href":"https:\/\/procesadores.mx\/pypr\/wp-json\/wp\/v2\/product_tag?post=2264"}],"curies":[{"name":"wp","href":"https:\/\/api.w.org\/{rel}","templated":true}]}}