{"id":2839,"date":"2025-03-26T21:22:25","date_gmt":"2025-03-26T21:22:25","guid":{"rendered":"https:\/\/procesadores.mx\/pypr\/?post_type=product&#038;p=2839"},"modified":"2025-11-25T17:58:07","modified_gmt":"2025-11-25T17:58:07","slug":"smartphone-tech-pad-x11-blanco","status":"publish","type":"product","link":"https:\/\/procesadores.mx\/pypr\/producto\/smartphone-tech-pad-x11-blanco\/","title":{"rendered":"Smartphone Tech Pad X11 Blanco"},"content":{"rendered":"<p>El Tech Pad X11 cuenta con una pantalla IPS de 6.51\u201d, procesador Octa-Core T606, 4GB de RAM y 64GB de almacenamiento expandible.<br \/>\nSu bater\u00eda de 5000mAh proporciona gran autonom\u00eda, mientras que su c\u00e1mara trasera de 13.0MP y frontal de 5.0MP capturan im\u00e1genes n\u00edtidas.<br \/>\nIncorpora lector de huellas, conectividad 4G LTE y el sistema operativo Android 13 para una experiencia moderna y segura.<\/p>\n","protected":false},"excerpt":{"rendered":"<p>El Tech Pad X11 es un smartphone elegante y potente con pantalla IPS de 6.51\u201d, procesador Octa-Core T606, 4GB de RAM, 64GB de almacenamiento y Android 13,<br \/>\nideal para una experiencia fluida y conectividad 4G LTE.<\/p>\n","protected":false},"featured_media":2842,"template":"","meta":{"nf_dc_page":"","site-sidebar-layout":"default","site-content-layout":"","ast-site-content-layout":"default","site-content-style":"default","site-sidebar-style":"default","ast-global-header-display":"","ast-banner-title-visibility":"","ast-main-header-display":"","ast-hfb-above-header-display":"","ast-hfb-below-header-display":"","ast-hfb-mobile-header-display":"","site-post-title":"","ast-breadcrumbs-content":"","ast-featured-img":"","footer-sml-layout":"","ast-disable-related-posts":"","theme-transparent-header-meta":"default","adv-header-id-meta":"","stick-header-meta":"","header-above-stick-meta":"","header-main-stick-meta":"","header-below-stick-meta":"","astra-migrate-meta-layouts":"set","ast-page-background-enabled":"default","ast-page-background-meta":{"desktop":{"background-color":"var(--ast-global-color-4)","background-image":"","background-repeat":"repeat","background-position":"center center","background-size":"auto","background-attachment":"scroll","background-type":"","background-media":"","overlay-type":"","overlay-color":"","overlay-opacity":"","overlay-gradient":""},"tablet":{"background-color":"","background-image":"","background-repeat":"repeat","background-position":"center center","background-size":"auto","background-attachment":"scroll","background-type":"","background-media":"","overlay-type":"","overlay-color":"","overlay-opacity":"","overlay-gradient":""},"mobile":{"background-color":"","background-image":"","background-repeat":"repeat","background-position":"center center","background-size":"auto","background-attachment":"scroll","background-type":"","background-media":"","overlay-type":"","overlay-color":"","overlay-opacity":"","overlay-gradient":""}},"ast-content-background-meta":{"desktop":{"background-color":"var(--ast-global-color-5)","background-image":"","background-repeat":"repeat","background-position":"center center","background-size":"auto","background-attachment":"scroll","background-type":"","background-media":"","overlay-type":"","overlay-color":"","overlay-opacity":"","overlay-gradient":""},"tablet":{"background-color":"var(--ast-global-color-5)","background-image":"","background-repeat":"repeat","background-position":"center center","background-size":"auto","background-attachment":"scroll","background-type":"","background-media":"","overlay-type":"","overlay-color":"","overlay-opacity":"","overlay-gradient":""},"mobile":{"background-color":"var(--ast-global-color-5)","background-image":"","background-repeat":"repeat","background-position":"center center","background-size":"auto","background-attachment":"scroll","background-type":"","background-media":"","overlay-type":"","overlay-color":"","overlay-opacity":"","overlay-gradient":""}}},"pwb-brand":[99],"product_brand":[],"product_cat":[155,22],"product_tag":[102],"class_list":{"0":"post-2839","1":"product","2":"type-product","3":"status-publish","4":"has-post-thumbnail","6":"pwb-brand-techpad","7":"product_cat-smartphones","8":"product_cat-productos-recomendados","9":"product_tag-smartphone","10":"desktop-align-left","11":"tablet-align-left","12":"mobile-align-left","14":"first","15":"instock","16":"shipping-taxable","17":"product-type-simple"},"aioseo_notices":[],"brands":[{"id":99,"name":"TechPad","slug":"techpad"}],"_links":{"self":[{"href":"https:\/\/procesadores.mx\/pypr\/wp-json\/wp\/v2\/product\/2839","targetHints":{"allow":["GET"]}}],"collection":[{"href":"https:\/\/procesadores.mx\/pypr\/wp-json\/wp\/v2\/product"}],"about":[{"href":"https:\/\/procesadores.mx\/pypr\/wp-json\/wp\/v2\/types\/product"}],"wp:featuredmedia":[{"embeddable":true,"href":"https:\/\/procesadores.mx\/pypr\/wp-json\/wp\/v2\/media\/2842"}],"wp:attachment":[{"href":"https:\/\/procesadores.mx\/pypr\/wp-json\/wp\/v2\/media?parent=2839"}],"wp:term":[{"taxonomy":"pwb-brand","embeddable":true,"href":"https:\/\/procesadores.mx\/pypr\/wp-json\/wp\/v2\/pwb-brand?post=2839"},{"taxonomy":"product_brand","embeddable":true,"href":"https:\/\/procesadores.mx\/pypr\/wp-json\/wp\/v2\/product_brand?post=2839"},{"taxonomy":"product_cat","embeddable":true,"href":"https:\/\/procesadores.mx\/pypr\/wp-json\/wp\/v2\/product_cat?post=2839"},{"taxonomy":"product_tag","embeddable":true,"href":"https:\/\/procesadores.mx\/pypr\/wp-json\/wp\/v2\/product_tag?post=2839"}],"curies":[{"name":"wp","href":"https:\/\/api.w.org\/{rel}","templated":true}]}}