{"id":2963,"date":"2025-03-28T21:24:15","date_gmt":"2025-03-28T21:24:15","guid":{"rendered":"https:\/\/procesadores.mx\/pypr\/?post_type=product&#038;p=2963"},"modified":"2025-03-28T22:57:02","modified_gmt":"2025-03-28T22:57:02","slug":"ram-ddr5-kingston-16gb","status":"publish","type":"product","link":"https:\/\/procesadores.mx\/pypr\/producto\/ram-ddr5-kingston-16gb\/","title":{"rendered":"FURY RAM DDR5 BEAST RGB 16GB 4800MHz"},"content":{"rendered":"<p>La memoria Kingston FURY Beast DDR5 RGB 16GB 4800MHz (07 KF548C38BBA) eleva el rendimiento de tu equipo con velocidades ultrarr\u00e1pidas y una latencia optimizada.<br \/>\nDise\u00f1ada para jugadores y creadores exigentes, su tecnolog\u00eda DDR5 mejora la eficiencia y estabilidad del sistema.<br \/>\nAdem\u00e1s, su iluminaci\u00f3n RGB din\u00e1mica es totalmente personalizable con FURY CTRL y compatibilidad con software de las principales marcas de placas base.<\/p>\n<p>\ud83d\udd39 Capacidad: 16GB<br \/>\n\ud83d\udd39 Velocidad: 4800MHz<br \/>\n\ud83d\udd39 Latencia: CL38<br \/>\n\ud83d\udd39 Voltaje: 1.1V<br \/>\n\ud83d\udd39 Tipo de memoria: DDR5<br \/>\n\ud83d\udd39 Iluminaci\u00f3n: RGB personalizable<br \/>\n\ud83d\udd39 Compatible con Intel XMP 3.0<\/p>\n","protected":false},"excerpt":{"rendered":"<p>Potencia tu PC con la memoria RAM Kingston FURY Beast DDR5 RGB 16GB 4800MHz.<br \/>\nRendimiento extremo, iluminaci\u00f3n personalizable y estabilidad optimizada para gaming y trabajo intensivo.<\/p>\n","protected":false},"featured_media":2966,"template":"","meta":{"nf_dc_page":"","site-sidebar-layout":"default","site-content-layout":"","ast-site-content-layout":"default","site-content-style":"default","site-sidebar-style":"default","ast-global-header-display":"","ast-banner-title-visibility":"","ast-main-header-display":"","ast-hfb-above-header-display":"","ast-hfb-below-header-display":"","ast-hfb-mobile-header-display":"","site-post-title":"","ast-breadcrumbs-content":"","ast-featured-img":"","footer-sml-layout":"","ast-disable-related-posts":"","theme-transparent-header-meta":"default","adv-header-id-meta":"","stick-header-meta":"","header-above-stick-meta":"","header-main-stick-meta":"","header-below-stick-meta":"","astra-migrate-meta-layouts":"set","ast-page-background-enabled":"default","ast-page-background-meta":{"desktop":{"background-color":"var(--ast-global-color-4)","background-image":"","background-repeat":"repeat","background-position":"center center","background-size":"auto","background-attachment":"scroll","background-type":"","background-media":"","overlay-type":"","overlay-color":"","overlay-opacity":"","overlay-gradient":""},"tablet":{"background-color":"","background-image":"","background-repeat":"repeat","background-position":"center center","background-size":"auto","background-attachment":"scroll","background-type":"","background-media":"","overlay-type":"","overlay-color":"","overlay-opacity":"","overlay-gradient":""},"mobile":{"background-color":"","background-image":"","background-repeat":"repeat","background-position":"center center","background-size":"auto","background-attachment":"scroll","background-type":"","background-media":"","overlay-type":"","overlay-color":"","overlay-opacity":"","overlay-gradient":""}},"ast-content-background-meta":{"desktop":{"background-color":"var(--ast-global-color-5)","background-image":"","background-repeat":"repeat","background-position":"center center","background-size":"auto","background-attachment":"scroll","background-type":"","background-media":"","overlay-type":"","overlay-color":"","overlay-opacity":"","overlay-gradient":""},"tablet":{"background-color":"var(--ast-global-color-5)","background-image":"","background-repeat":"repeat","background-position":"center center","background-size":"auto","background-attachment":"scroll","background-type":"","background-media":"","overlay-type":"","overlay-color":"","overlay-opacity":"","overlay-gradient":""},"mobile":{"background-color":"var(--ast-global-color-5)","background-image":"","background-repeat":"repeat","background-position":"center center","background-size":"auto","background-attachment":"scroll","background-type":"","background-media":"","overlay-type":"","overlay-color":"","overlay-opacity":"","overlay-gradient":""}}},"pwb-brand":[69],"product_brand":[],"product_cat":[107,34,22],"product_tag":[],"class_list":{"0":"post-2963","1":"product","2":"type-product","3":"status-publish","4":"has-post-thumbnail","6":"pwb-brand-kingston","7":"product_cat-ddr5-rgb","8":"product_cat-memoria-ram","9":"product_cat-productos-recomendados","10":"desktop-align-left","11":"tablet-align-left","12":"mobile-align-left","14":"first","15":"instock","16":"shipping-taxable","17":"product-type-simple"},"aioseo_notices":[],"brands":[{"id":69,"name":"Kingston","slug":"kingston"}],"_links":{"self":[{"href":"https:\/\/procesadores.mx\/pypr\/wp-json\/wp\/v2\/product\/2963","targetHints":{"allow":["GET"]}}],"collection":[{"href":"https:\/\/procesadores.mx\/pypr\/wp-json\/wp\/v2\/product"}],"about":[{"href":"https:\/\/procesadores.mx\/pypr\/wp-json\/wp\/v2\/types\/product"}],"wp:featuredmedia":[{"embeddable":true,"href":"https:\/\/procesadores.mx\/pypr\/wp-json\/wp\/v2\/media\/2966"}],"wp:attachment":[{"href":"https:\/\/procesadores.mx\/pypr\/wp-json\/wp\/v2\/media?parent=2963"}],"wp:term":[{"taxonomy":"pwb-brand","embeddable":true,"href":"https:\/\/procesadores.mx\/pypr\/wp-json\/wp\/v2\/pwb-brand?post=2963"},{"taxonomy":"product_brand","embeddable":true,"href":"https:\/\/procesadores.mx\/pypr\/wp-json\/wp\/v2\/product_brand?post=2963"},{"taxonomy":"product_cat","embeddable":true,"href":"https:\/\/procesadores.mx\/pypr\/wp-json\/wp\/v2\/product_cat?post=2963"},{"taxonomy":"product_tag","embeddable":true,"href":"https:\/\/procesadores.mx\/pypr\/wp-json\/wp\/v2\/product_tag?post=2963"}],"curies":[{"name":"wp","href":"https:\/\/api.w.org\/{rel}","templated":true}]}}