{"id":2975,"date":"2025-03-28T21:33:55","date_gmt":"2025-03-28T21:33:55","guid":{"rendered":"https:\/\/procesadores.mx\/pypr\/?post_type=product&#038;p=2975"},"modified":"2025-03-28T22:56:17","modified_gmt":"2025-03-28T22:56:17","slug":"kingston-ram-ddr5-beast-rgb-16gb-5200mhz","status":"publish","type":"product","link":"https:\/\/procesadores.mx\/pypr\/producto\/kingston-ram-ddr5-beast-rgb-16gb-5200mhz\/","title":{"rendered":"FURY RAM DDR5 BEAST RGB 16GB 5200MHz"},"content":{"rendered":"<p>La memoria Kingston FURY Beast DDR5 16GB 5200MHz (07 KF552C40BB) est\u00e1 dise\u00f1ada para ofrecer un rendimiento de nueva generaci\u00f3n, con frecuencias mejoradas y menor consumo energ\u00e9tico.<br \/>\nSu tecnolog\u00eda avanzada optimiza la estabilidad del sistema, mientras que su dise\u00f1o en negro mate brinda un estilo elegante y discreto.<br \/>\nCompatible con Intel XMP 3.0, facilita el overclocking para maximizar el rendimiento.<\/p>\n<p>\ud83d\udd39 Capacidad: 16GB<br \/>\n\ud83d\udd39 Velocidad: 5200MHz<br \/>\n\ud83d\udd39 Latencia: CL40<br \/>\n\ud83d\udd39 Voltaje: 1.25V<br \/>\n\ud83d\udd39 Tipo de memoria: DDR5<br \/>\n\ud83d\udd39 Dise\u00f1o: Disipador de calor en color negro mate<br \/>\n\ud83d\udd39 Compatibilidad: Intel XMP 3.0<\/p>\n<p>&nbsp;<\/p>\n","protected":false},"excerpt":{"rendered":"<p>Experimenta un rendimiento superior con la Kingston FURY Beast DDR5 16GB 5200MHz.<br \/>\nMayor velocidad, estabilidad y eficiencia para potenciar tu PC en gaming, creaci\u00f3n de contenido y tareas exigentes.<\/p>\n","protected":false},"featured_media":2959,"template":"","meta":{"nf_dc_page":"","site-sidebar-layout":"default","site-content-layout":"","ast-site-content-layout":"default","site-content-style":"default","site-sidebar-style":"default","ast-global-header-display":"","ast-banner-title-visibility":"","ast-main-header-display":"","ast-hfb-above-header-display":"","ast-hfb-below-header-display":"","ast-hfb-mobile-header-display":"","site-post-title":"","ast-breadcrumbs-content":"","ast-featured-img":"","footer-sml-layout":"","ast-disable-related-posts":"","theme-transparent-header-meta":"default","adv-header-id-meta":"","stick-header-meta":"","header-above-stick-meta":"","header-main-stick-meta":"","header-below-stick-meta":"","astra-migrate-meta-layouts":"set","ast-page-background-enabled":"default","ast-page-background-meta":{"desktop":{"background-color":"var(--ast-global-color-4)","background-image":"","background-repeat":"repeat","background-position":"center center","background-size":"auto","background-attachment":"scroll","background-type":"","background-media":"","overlay-type":"","overlay-color":"","overlay-opacity":"","overlay-gradient":""},"tablet":{"background-color":"","background-image":"","background-repeat":"repeat","background-position":"center center","background-size":"auto","background-attachment":"scroll","background-type":"","background-media":"","overlay-type":"","overlay-color":"","overlay-opacity":"","overlay-gradient":""},"mobile":{"background-color":"","background-image":"","background-repeat":"repeat","background-position":"center center","background-size":"auto","background-attachment":"scroll","background-type":"","background-media":"","overlay-type":"","overlay-color":"","overlay-opacity":"","overlay-gradient":""}},"ast-content-background-meta":{"desktop":{"background-color":"var(--ast-global-color-5)","background-image":"","background-repeat":"repeat","background-position":"center center","background-size":"auto","background-attachment":"scroll","background-type":"","background-media":"","overlay-type":"","overlay-color":"","overlay-opacity":"","overlay-gradient":""},"tablet":{"background-color":"var(--ast-global-color-5)","background-image":"","background-repeat":"repeat","background-position":"center center","background-size":"auto","background-attachment":"scroll","background-type":"","background-media":"","overlay-type":"","overlay-color":"","overlay-opacity":"","overlay-gradient":""},"mobile":{"background-color":"var(--ast-global-color-5)","background-image":"","background-repeat":"repeat","background-position":"center center","background-size":"auto","background-attachment":"scroll","background-type":"","background-media":"","overlay-type":"","overlay-color":"","overlay-opacity":"","overlay-gradient":""}}},"pwb-brand":[69],"product_brand":[],"product_cat":[107,85,34],"product_tag":[109,108],"class_list":{"0":"post-2975","1":"product","2":"type-product","3":"status-publish","4":"has-post-thumbnail","6":"pwb-brand-kingston","7":"product_cat-ddr5-rgb","8":"product_cat-lo-ultimo-en-tecnologia","9":"product_cat-memoria-ram","10":"product_tag-ddr5","11":"product_tag-rgb","12":"desktop-align-left","13":"tablet-align-left","14":"mobile-align-left","16":"first","17":"instock","18":"shipping-taxable","19":"product-type-simple"},"aioseo_notices":[],"brands":[{"id":69,"name":"Kingston","slug":"kingston"}],"_links":{"self":[{"href":"https:\/\/procesadores.mx\/pypr\/wp-json\/wp\/v2\/product\/2975","targetHints":{"allow":["GET"]}}],"collection":[{"href":"https:\/\/procesadores.mx\/pypr\/wp-json\/wp\/v2\/product"}],"about":[{"href":"https:\/\/procesadores.mx\/pypr\/wp-json\/wp\/v2\/types\/product"}],"wp:featuredmedia":[{"embeddable":true,"href":"https:\/\/procesadores.mx\/pypr\/wp-json\/wp\/v2\/media\/2959"}],"wp:attachment":[{"href":"https:\/\/procesadores.mx\/pypr\/wp-json\/wp\/v2\/media?parent=2975"}],"wp:term":[{"taxonomy":"pwb-brand","embeddable":true,"href":"https:\/\/procesadores.mx\/pypr\/wp-json\/wp\/v2\/pwb-brand?post=2975"},{"taxonomy":"product_brand","embeddable":true,"href":"https:\/\/procesadores.mx\/pypr\/wp-json\/wp\/v2\/product_brand?post=2975"},{"taxonomy":"product_cat","embeddable":true,"href":"https:\/\/procesadores.mx\/pypr\/wp-json\/wp\/v2\/product_cat?post=2975"},{"taxonomy":"product_tag","embeddable":true,"href":"https:\/\/procesadores.mx\/pypr\/wp-json\/wp\/v2\/product_tag?post=2975"}],"curies":[{"name":"wp","href":"https:\/\/api.w.org\/{rel}","templated":true}]}}