{"id":3034,"date":"2025-03-30T00:47:57","date_gmt":"2025-03-30T00:47:57","guid":{"rendered":"https:\/\/procesadores.mx\/pypr\/?post_type=product&#038;p=3034"},"modified":"2025-06-28T01:18:56","modified_gmt":"2025-06-28T01:18:56","slug":"wild-force-pc-gaming-serie-b2-black","status":"publish","type":"product","link":"https:\/\/procesadores.mx\/pypr\/producto\/wild-force-pc-gaming-serie-b2-black\/","title":{"rendered":"Wild Force PC Gaming Serie B2 -Black"},"content":{"rendered":"<p>En WILD FORCE nos enfocamos en emplear la mejor tecnolog\u00eda en todos nuestros ensambles, con ello en mente le presentamos nuestro Modelo B2; un PC GAMER con el cual podr\u00e1s llevar tu experiencia de juego al pr\u00f3ximo nivel.<br \/>\n\u201cCreadas para Trabajar en Equipo\u201d, El Modelo B2, Edici\u00f3n Especial Black; se complementan, un Microprocesador y un Chipset que fueron creados para resolver lo complicado, preparados bancos de memoria RAM con iluminaci\u00f3n por RGB, maduras unidades de Almacenamiento SSD y HDD, una elegante Tarjeta Gr\u00e1fica Integrada y construido con una eficaz Fuente de Alimentaci\u00f3n adecuada para discretamente adentrarse en el mundo Gaming. Solo los componentes m\u00e1s avanzados y poderosos montados sobre un gabinete Micro ATX t\u00e9cnicamente creado con una cara de Cristal Templado que nos deja ver su discreta capacidad,<br \/>\nque puede unificarse con su Contraparte, su hermana, El Modelo B2, Edici\u00f3n Especial White. \u201cElige Tu Estilo Favorito\u201d.<\/p>\n<p>Procesador: AMD Ryzen 5<br \/>\nAlmacenamiento: SSD de 240GB + HDD de 1TB<br \/>\nMemoria RAM: 16 GB<br \/>\nRendimiento: Ideal para gaming, dise\u00f1o y productividad<br \/>\nConectividad: Puertos USB, HDMI y m\u00e1s para m\u00e1xima compatibilidad<br \/>\nSistema de Enfriamiento: Optimizado para sesiones de alto rendimiento<br \/>\nPotencia, velocidad y confiabilidad en un solo equipo. \u00a1Lleva tu experiencia al siguiente nivel! \ud83d\ude80<br \/>\nWILD FORCE PC Gamer B2 (AMD 4600G, MB A320, RAM 16GB DDR4, ALMACENAMIENTO H\u00cdBRIDO SSD 240GB + HDD 1TB SATAIII)<\/p>\n","protected":false},"excerpt":{"rendered":"<p>PC Gaming Work Wild Force \u2013 Potencia y rendimiento en un solo equipo.<br \/>\nEquipada con un procesador AMD Ryzen 5 , almacenamiento SSD de 240GB + 1TB HDD y 16GB de RAM , esta PC es ideal para gaming, trabajo y multitarea exigente.<\/p>\n","protected":false},"featured_media":3037,"template":"","meta":{"nf_dc_page":"","site-sidebar-layout":"default","site-content-layout":"","ast-site-content-layout":"default","site-content-style":"default","site-sidebar-style":"default","ast-global-header-display":"","ast-banner-title-visibility":"","ast-main-header-display":"","ast-hfb-above-header-display":"","ast-hfb-below-header-display":"","ast-hfb-mobile-header-display":"","site-post-title":"","ast-breadcrumbs-content":"","ast-featured-img":"","footer-sml-layout":"","ast-disable-related-posts":"","theme-transparent-header-meta":"default","adv-header-id-meta":"","stick-header-meta":"","header-above-stick-meta":"","header-main-stick-meta":"","header-below-stick-meta":"","astra-migrate-meta-layouts":"set","ast-page-background-enabled":"default","ast-page-background-meta":{"desktop":{"background-color":"var(--ast-global-color-4)","background-image":"","background-repeat":"repeat","background-position":"center center","background-size":"auto","background-attachment":"scroll","background-type":"","background-media":"","overlay-type":"","overlay-color":"","overlay-opacity":"","overlay-gradient":""},"tablet":{"background-color":"","background-image":"","background-repeat":"repeat","background-position":"center center","background-size":"auto","background-attachment":"scroll","background-type":"","background-media":"","overlay-type":"","overlay-color":"","overlay-opacity":"","overlay-gradient":""},"mobile":{"background-color":"","background-image":"","background-repeat":"repeat","background-position":"center center","background-size":"auto","background-attachment":"scroll","background-type":"","background-media":"","overlay-type":"","overlay-color":"","overlay-opacity":"","overlay-gradient":""}},"ast-content-background-meta":{"desktop":{"background-color":"var(--ast-global-color-5)","background-image":"","background-repeat":"repeat","background-position":"center center","background-size":"auto","background-attachment":"scroll","background-type":"","background-media":"","overlay-type":"","overlay-color":"","overlay-opacity":"","overlay-gradient":""},"tablet":{"background-color":"var(--ast-global-color-5)","background-image":"","background-repeat":"repeat","background-position":"center center","background-size":"auto","background-attachment":"scroll","background-type":"","background-media":"","overlay-type":"","overlay-color":"","overlay-opacity":"","overlay-gradient":""},"mobile":{"background-color":"var(--ast-global-color-5)","background-image":"","background-repeat":"repeat","background-position":"center center","background-size":"auto","background-attachment":"scroll","background-type":"","background-media":"","overlay-type":"","overlay-color":"","overlay-opacity":"","overlay-gradient":""}}},"pwb-brand":[134],"product_brand":[],"product_cat":[38,22],"product_tag":[118,120,119],"class_list":{"0":"post-3034","1":"product","2":"type-product","3":"status-publish","4":"has-post-thumbnail","6":"pwb-brand-wildforce","7":"product_cat-pc-gamers","8":"product_cat-productos-recomendados","9":"product_tag-pc_gamer","10":"product_tag-serie-b","11":"product_tag-wild-force","12":"desktop-align-left","13":"tablet-align-left","14":"mobile-align-left","16":"first","17":"instock","18":"shipping-taxable","19":"product-type-simple"},"aioseo_notices":[],"brands":[{"id":134,"name":"WildForce","slug":"wildforce"}],"_links":{"self":[{"href":"https:\/\/procesadores.mx\/pypr\/wp-json\/wp\/v2\/product\/3034","targetHints":{"allow":["GET"]}}],"collection":[{"href":"https:\/\/procesadores.mx\/pypr\/wp-json\/wp\/v2\/product"}],"about":[{"href":"https:\/\/procesadores.mx\/pypr\/wp-json\/wp\/v2\/types\/product"}],"wp:featuredmedia":[{"embeddable":true,"href":"https:\/\/procesadores.mx\/pypr\/wp-json\/wp\/v2\/media\/3037"}],"wp:attachment":[{"href":"https:\/\/procesadores.mx\/pypr\/wp-json\/wp\/v2\/media?parent=3034"}],"wp:term":[{"taxonomy":"pwb-brand","embeddable":true,"href":"https:\/\/procesadores.mx\/pypr\/wp-json\/wp\/v2\/pwb-brand?post=3034"},{"taxonomy":"product_brand","embeddable":true,"href":"https:\/\/procesadores.mx\/pypr\/wp-json\/wp\/v2\/product_brand?post=3034"},{"taxonomy":"product_cat","embeddable":true,"href":"https:\/\/procesadores.mx\/pypr\/wp-json\/wp\/v2\/product_cat?post=3034"},{"taxonomy":"product_tag","embeddable":true,"href":"https:\/\/procesadores.mx\/pypr\/wp-json\/wp\/v2\/product_tag?post=3034"}],"curies":[{"name":"wp","href":"https:\/\/api.w.org\/{rel}","templated":true}]}}