{"id":3304,"date":"2025-04-10T00:28:56","date_gmt":"2025-04-10T00:28:56","guid":{"rendered":"https:\/\/procesadores.mx\/pypr\/?post_type=product&#038;p=3304"},"modified":"2025-04-10T00:41:24","modified_gmt":"2025-04-10T00:41:24","slug":"memoria-usb-sandisk-cruzer-spark-64gb","status":"publish","type":"product","link":"https:\/\/procesadores.mx\/pypr\/producto\/memoria-usb-sandisk-cruzer-spark-64gb\/","title":{"rendered":"Memoria USB SanDisk Cruzer Spark 64GB"},"content":{"rendered":"<p>La SanDisk Cruzer Spark es una memoria USB 2.0 con una capacidad de 64GB, dise\u00f1ada para ofrecer una soluci\u00f3n de almacenamiento port\u00e1til y eficiente.<br \/>\nSu dise\u00f1o compacto y sin tapa incluye un aro incorporado que facilita su adici\u00f3n a llaveros o mochilas, asegurando que siempre est\u00e9 a mano.<br \/>\nCompatible con sistemas Windows y Mac, permite transferir y almacenar documentos, fotos, m\u00fasica y m\u00e1s con facilidad.<\/p>\n","protected":false},"excerpt":{"rendered":"<p>Almacenamiento compacto y confiable<br \/>\nLleva tus archivos esenciales a todas partes con este USB de dise\u00f1o sin tapa y con aro integrado para llavero.<br \/>\nIdeal para estudiantes, profesionales y cualquier persona que necesite una soluci\u00f3n de almacenamiento port\u00e1til y segura.\u200b<\/p>\n","protected":false},"featured_media":3307,"template":"","meta":{"nf_dc_page":"","site-sidebar-layout":"default","site-content-layout":"","ast-site-content-layout":"default","site-content-style":"default","site-sidebar-style":"default","ast-global-header-display":"","ast-banner-title-visibility":"","ast-main-header-display":"","ast-hfb-above-header-display":"","ast-hfb-below-header-display":"","ast-hfb-mobile-header-display":"","site-post-title":"","ast-breadcrumbs-content":"","ast-featured-img":"","footer-sml-layout":"","ast-disable-related-posts":"","theme-transparent-header-meta":"default","adv-header-id-meta":"","stick-header-meta":"","header-above-stick-meta":"","header-main-stick-meta":"","header-below-stick-meta":"","astra-migrate-meta-layouts":"set","ast-page-background-enabled":"default","ast-page-background-meta":{"desktop":{"background-color":"var(--ast-global-color-4)","background-image":"","background-repeat":"repeat","background-position":"center center","background-size":"auto","background-attachment":"scroll","background-type":"","background-media":"","overlay-type":"","overlay-color":"","overlay-opacity":"","overlay-gradient":""},"tablet":{"background-color":"","background-image":"","background-repeat":"repeat","background-position":"center center","background-size":"auto","background-attachment":"scroll","background-type":"","background-media":"","overlay-type":"","overlay-color":"","overlay-opacity":"","overlay-gradient":""},"mobile":{"background-color":"","background-image":"","background-repeat":"repeat","background-position":"center center","background-size":"auto","background-attachment":"scroll","background-type":"","background-media":"","overlay-type":"","overlay-color":"","overlay-opacity":"","overlay-gradient":""}},"ast-content-background-meta":{"desktop":{"background-color":"var(--ast-global-color-5)","background-image":"","background-repeat":"repeat","background-position":"center center","background-size":"auto","background-attachment":"scroll","background-type":"","background-media":"","overlay-type":"","overlay-color":"","overlay-opacity":"","overlay-gradient":""},"tablet":{"background-color":"var(--ast-global-color-5)","background-image":"","background-repeat":"repeat","background-position":"center center","background-size":"auto","background-attachment":"scroll","background-type":"","background-media":"","overlay-type":"","overlay-color":"","overlay-opacity":"","overlay-gradient":""},"mobile":{"background-color":"var(--ast-global-color-5)","background-image":"","background-repeat":"repeat","background-position":"center center","background-size":"auto","background-attachment":"scroll","background-type":"","background-media":"","overlay-type":"","overlay-color":"","overlay-opacity":"","overlay-gradient":""}}},"pwb-brand":[78],"product_brand":[],"product_cat":[22,41],"product_tag":[128],"class_list":{"0":"post-3304","1":"product","2":"type-product","3":"status-publish","4":"has-post-thumbnail","6":"pwb-brand-sandisk","7":"product_cat-productos-recomendados","8":"product_cat-usb-y-accesorios","9":"product_tag-usb","10":"desktop-align-left","11":"tablet-align-left","12":"mobile-align-left","14":"first","15":"instock","16":"shipping-taxable","17":"product-type-simple"},"aioseo_notices":[],"brands":[{"id":78,"name":"SanDisk","slug":"sandisk"}],"_links":{"self":[{"href":"https:\/\/procesadores.mx\/pypr\/wp-json\/wp\/v2\/product\/3304","targetHints":{"allow":["GET"]}}],"collection":[{"href":"https:\/\/procesadores.mx\/pypr\/wp-json\/wp\/v2\/product"}],"about":[{"href":"https:\/\/procesadores.mx\/pypr\/wp-json\/wp\/v2\/types\/product"}],"wp:featuredmedia":[{"embeddable":true,"href":"https:\/\/procesadores.mx\/pypr\/wp-json\/wp\/v2\/media\/3307"}],"wp:attachment":[{"href":"https:\/\/procesadores.mx\/pypr\/wp-json\/wp\/v2\/media?parent=3304"}],"wp:term":[{"taxonomy":"pwb-brand","embeddable":true,"href":"https:\/\/procesadores.mx\/pypr\/wp-json\/wp\/v2\/pwb-brand?post=3304"},{"taxonomy":"product_brand","embeddable":true,"href":"https:\/\/procesadores.mx\/pypr\/wp-json\/wp\/v2\/product_brand?post=3304"},{"taxonomy":"product_cat","embeddable":true,"href":"https:\/\/procesadores.mx\/pypr\/wp-json\/wp\/v2\/product_cat?post=3304"},{"taxonomy":"product_tag","embeddable":true,"href":"https:\/\/procesadores.mx\/pypr\/wp-json\/wp\/v2\/product_tag?post=3304"}],"curies":[{"name":"wp","href":"https:\/\/api.w.org\/{rel}","templated":true}]}}