{"id":3312,"date":"2025-04-10T01:09:29","date_gmt":"2025-04-10T01:09:29","guid":{"rendered":"https:\/\/procesadores.mx\/pypr\/?post_type=product&#038;p=3312"},"modified":"2025-04-10T01:09:30","modified_gmt":"2025-04-10T01:09:30","slug":"tarjeta-microsd-sandisk-de-nintendo-switch128gb","status":"publish","type":"product","link":"https:\/\/procesadores.mx\/pypr\/producto\/tarjeta-microsd-sandisk-de-nintendo-switch128gb\/","title":{"rendered":"Tarjeta microSD SanDisk de Nintendo Switch128GB"},"content":{"rendered":"<p>La Tarjeta microSDXC SanDisk de 128GB est\u00e1 oficialmente licenciada para el sistema Nintendo Switch\u2122,<br \/>\ngarantizando compatibilidad y rendimiento \u00f3ptimos. Ofrece velocidades de lectura de hasta 100MB\/s,<br \/>\npermitiendo cargas r\u00e1pidas y una ejecuci\u00f3n fluida de los juegos.<br \/>\nCon una capacidad de 128GB, proporciona espacio suficiente para almacenar m\u00faltiples t\u00edtulos, contenido<br \/>\nadicional y capturas de pantalla. Su dise\u00f1o robusto asegura la protecci\u00f3n de tus datos en diversas condiciones.<\/p>\n","protected":false},"excerpt":{"rendered":"<p>Expande tu universo de juegos con la Tarjeta microSD SanDisk de 128GB para Nintendo Switch<br \/>\nAlmacena m\u00e1s t\u00edtulos y accede a ellos r\u00e1pidamente con velocidades de transferencia de hasta 100MB\/s.<br \/>\nDisfruta de una experiencia de juego sin interrupciones y lleva tu biblioteca completa a donde vayas.\u200b<\/p>\n","protected":false},"featured_media":3315,"template":"","meta":{"nf_dc_page":"","site-sidebar-layout":"default","site-content-layout":"","ast-site-content-layout":"default","site-content-style":"default","site-sidebar-style":"default","ast-global-header-display":"","ast-banner-title-visibility":"","ast-main-header-display":"","ast-hfb-above-header-display":"","ast-hfb-below-header-display":"","ast-hfb-mobile-header-display":"","site-post-title":"","ast-breadcrumbs-content":"","ast-featured-img":"","footer-sml-layout":"","ast-disable-related-posts":"","theme-transparent-header-meta":"default","adv-header-id-meta":"","stick-header-meta":"","header-above-stick-meta":"","header-main-stick-meta":"","header-below-stick-meta":"","astra-migrate-meta-layouts":"set","ast-page-background-enabled":"default","ast-page-background-meta":{"desktop":{"background-color":"var(--ast-global-color-4)","background-image":"","background-repeat":"repeat","background-position":"center center","background-size":"auto","background-attachment":"scroll","background-type":"","background-media":"","overlay-type":"","overlay-color":"","overlay-opacity":"","overlay-gradient":""},"tablet":{"background-color":"","background-image":"","background-repeat":"repeat","background-position":"center center","background-size":"auto","background-attachment":"scroll","background-type":"","background-media":"","overlay-type":"","overlay-color":"","overlay-opacity":"","overlay-gradient":""},"mobile":{"background-color":"","background-image":"","background-repeat":"repeat","background-position":"center center","background-size":"auto","background-attachment":"scroll","background-type":"","background-media":"","overlay-type":"","overlay-color":"","overlay-opacity":"","overlay-gradient":""}},"ast-content-background-meta":{"desktop":{"background-color":"var(--ast-global-color-5)","background-image":"","background-repeat":"repeat","background-position":"center center","background-size":"auto","background-attachment":"scroll","background-type":"","background-media":"","overlay-type":"","overlay-color":"","overlay-opacity":"","overlay-gradient":""},"tablet":{"background-color":"var(--ast-global-color-5)","background-image":"","background-repeat":"repeat","background-position":"center center","background-size":"auto","background-attachment":"scroll","background-type":"","background-media":"","overlay-type":"","overlay-color":"","overlay-opacity":"","overlay-gradient":""},"mobile":{"background-color":"var(--ast-global-color-5)","background-image":"","background-repeat":"repeat","background-position":"center center","background-size":"auto","background-attachment":"scroll","background-type":"","background-media":"","overlay-type":"","overlay-color":"","overlay-opacity":"","overlay-gradient":""}}},"pwb-brand":[78],"product_brand":[],"product_cat":[86,129],"product_tag":[130,131],"class_list":{"0":"post-3312","1":"product","2":"type-product","3":"status-publish","4":"has-post-thumbnail","6":"pwb-brand-sandisk","7":"product_cat-impulso-tecnologico","8":"product_cat-tarjetas-microsd","9":"product_tag-microsd","10":"product_tag-tarjeta-microsd","11":"desktop-align-left","12":"tablet-align-left","13":"mobile-align-left","15":"first","16":"instock","17":"shipping-taxable","18":"product-type-simple"},"aioseo_notices":[],"brands":[{"id":78,"name":"SanDisk","slug":"sandisk"}],"_links":{"self":[{"href":"https:\/\/procesadores.mx\/pypr\/wp-json\/wp\/v2\/product\/3312","targetHints":{"allow":["GET"]}}],"collection":[{"href":"https:\/\/procesadores.mx\/pypr\/wp-json\/wp\/v2\/product"}],"about":[{"href":"https:\/\/procesadores.mx\/pypr\/wp-json\/wp\/v2\/types\/product"}],"wp:featuredmedia":[{"embeddable":true,"href":"https:\/\/procesadores.mx\/pypr\/wp-json\/wp\/v2\/media\/3315"}],"wp:attachment":[{"href":"https:\/\/procesadores.mx\/pypr\/wp-json\/wp\/v2\/media?parent=3312"}],"wp:term":[{"taxonomy":"pwb-brand","embeddable":true,"href":"https:\/\/procesadores.mx\/pypr\/wp-json\/wp\/v2\/pwb-brand?post=3312"},{"taxonomy":"product_brand","embeddable":true,"href":"https:\/\/procesadores.mx\/pypr\/wp-json\/wp\/v2\/product_brand?post=3312"},{"taxonomy":"product_cat","embeddable":true,"href":"https:\/\/procesadores.mx\/pypr\/wp-json\/wp\/v2\/product_cat?post=3312"},{"taxonomy":"product_tag","embeddable":true,"href":"https:\/\/procesadores.mx\/pypr\/wp-json\/wp\/v2\/product_tag?post=3312"}],"curies":[{"name":"wp","href":"https:\/\/api.w.org\/{rel}","templated":true}]}}