{"id":3332,"date":"2025-04-11T00:43:51","date_gmt":"2025-04-11T00:43:51","guid":{"rendered":"https:\/\/procesadores.mx\/pypr\/?post_type=product&#038;p=3332"},"modified":"2025-04-11T00:43:52","modified_gmt":"2025-04-11T00:43:52","slug":"tarjeta-adata-microsd-premier-32gb","status":"publish","type":"product","link":"https:\/\/procesadores.mx\/pypr\/producto\/tarjeta-adata-microsd-premier-32gb\/","title":{"rendered":"Tarjeta ADATA microSD Premier 32GB"},"content":{"rendered":"<p>La tarjeta ADATA microSD Premier de 32GB es una soluci\u00f3n confiable y eficiente para ampliar el almacenamiento de tus dispositivos m\u00f3viles.<br \/>\nCompatible con el est\u00e1ndar SDHC UHS-I Clase 10, ofrece velocidades de lectura de hasta 85 MB\/s, lo que garantiza un rendimiento fluido al grabar video HD o ejecutar aplicaciones desde la tarjeta. Su dise\u00f1o resistente incluye protecci\u00f3n contra agua, golpes, rayos X y est\u00e1tica, asegurando un uso duradero y seguro en cualquier entorno. Es ideal para tel\u00e9fonos, c\u00e1maras digitales, tablets, drones y m\u00e1s.<\/p>\n","protected":false},"excerpt":{"rendered":"<p>Rendimiento esencial para tu d\u00eda a d\u00eda<br \/>\nIdeal para smartphones, c\u00e1maras y tablets. Almacena fotos, videos y apps con velocidad y eficiencia.<\/p>\n","protected":false},"featured_media":3335,"template":"","meta":{"nf_dc_page":"","site-sidebar-layout":"default","site-content-layout":"","ast-site-content-layout":"default","site-content-style":"default","site-sidebar-style":"default","ast-global-header-display":"","ast-banner-title-visibility":"","ast-main-header-display":"","ast-hfb-above-header-display":"","ast-hfb-below-header-display":"","ast-hfb-mobile-header-display":"","site-post-title":"","ast-breadcrumbs-content":"","ast-featured-img":"","footer-sml-layout":"","ast-disable-related-posts":"","theme-transparent-header-meta":"default","adv-header-id-meta":"","stick-header-meta":"","header-above-stick-meta":"","header-main-stick-meta":"","header-below-stick-meta":"","astra-migrate-meta-layouts":"set","ast-page-background-enabled":"default","ast-page-background-meta":{"desktop":{"background-color":"var(--ast-global-color-4)","background-image":"","background-repeat":"repeat","background-position":"center center","background-size":"auto","background-attachment":"scroll","background-type":"","background-media":"","overlay-type":"","overlay-color":"","overlay-opacity":"","overlay-gradient":""},"tablet":{"background-color":"","background-image":"","background-repeat":"repeat","background-position":"center center","background-size":"auto","background-attachment":"scroll","background-type":"","background-media":"","overlay-type":"","overlay-color":"","overlay-opacity":"","overlay-gradient":""},"mobile":{"background-color":"","background-image":"","background-repeat":"repeat","background-position":"center center","background-size":"auto","background-attachment":"scroll","background-type":"","background-media":"","overlay-type":"","overlay-color":"","overlay-opacity":"","overlay-gradient":""}},"ast-content-background-meta":{"desktop":{"background-color":"var(--ast-global-color-5)","background-image":"","background-repeat":"repeat","background-position":"center center","background-size":"auto","background-attachment":"scroll","background-type":"","background-media":"","overlay-type":"","overlay-color":"","overlay-opacity":"","overlay-gradient":""},"tablet":{"background-color":"var(--ast-global-color-5)","background-image":"","background-repeat":"repeat","background-position":"center center","background-size":"auto","background-attachment":"scroll","background-type":"","background-media":"","overlay-type":"","overlay-color":"","overlay-opacity":"","overlay-gradient":""},"mobile":{"background-color":"var(--ast-global-color-5)","background-image":"","background-repeat":"repeat","background-position":"center center","background-size":"auto","background-attachment":"scroll","background-type":"","background-media":"","overlay-type":"","overlay-color":"","overlay-opacity":"","overlay-gradient":""}}},"pwb-brand":[74],"product_brand":[],"product_cat":[86,129],"product_tag":[131],"class_list":{"0":"post-3332","1":"product","2":"type-product","3":"status-publish","4":"has-post-thumbnail","6":"pwb-brand-adata","7":"product_cat-impulso-tecnologico","8":"product_cat-tarjetas-microsd","9":"product_tag-tarjeta-microsd","10":"desktop-align-left","11":"tablet-align-left","12":"mobile-align-left","14":"first","15":"instock","16":"shipping-taxable","17":"product-type-simple"},"aioseo_notices":[],"brands":[{"id":74,"name":"ADATA","slug":"adata"}],"_links":{"self":[{"href":"https:\/\/procesadores.mx\/pypr\/wp-json\/wp\/v2\/product\/3332","targetHints":{"allow":["GET"]}}],"collection":[{"href":"https:\/\/procesadores.mx\/pypr\/wp-json\/wp\/v2\/product"}],"about":[{"href":"https:\/\/procesadores.mx\/pypr\/wp-json\/wp\/v2\/types\/product"}],"wp:featuredmedia":[{"embeddable":true,"href":"https:\/\/procesadores.mx\/pypr\/wp-json\/wp\/v2\/media\/3335"}],"wp:attachment":[{"href":"https:\/\/procesadores.mx\/pypr\/wp-json\/wp\/v2\/media?parent=3332"}],"wp:term":[{"taxonomy":"pwb-brand","embeddable":true,"href":"https:\/\/procesadores.mx\/pypr\/wp-json\/wp\/v2\/pwb-brand?post=3332"},{"taxonomy":"product_brand","embeddable":true,"href":"https:\/\/procesadores.mx\/pypr\/wp-json\/wp\/v2\/product_brand?post=3332"},{"taxonomy":"product_cat","embeddable":true,"href":"https:\/\/procesadores.mx\/pypr\/wp-json\/wp\/v2\/product_cat?post=3332"},{"taxonomy":"product_tag","embeddable":true,"href":"https:\/\/procesadores.mx\/pypr\/wp-json\/wp\/v2\/product_tag?post=3332"}],"curies":[{"name":"wp","href":"https:\/\/api.w.org\/{rel}","templated":true}]}}