{"id":3502,"date":"2025-06-26T16:56:33","date_gmt":"2025-06-26T16:56:33","guid":{"rendered":"https:\/\/procesadores.mx\/pypr\/?post_type=product&#038;p=3502"},"modified":"2025-06-28T01:22:36","modified_gmt":"2025-06-28T01:22:36","slug":"pc-gamer-plata","status":"publish","type":"product","link":"https:\/\/procesadores.mx\/pypr\/producto\/pc-gamer-plata\/","title":{"rendered":"PC GAMER PLATA"},"content":{"rendered":"<p>El modelo PLATA es vers\u00e1til y poderoso; Esta PC cuenta con gr\u00e1ficos integrados en su procesador.<br \/>\nIdeal para jugar y realizar todo tipo de tareas sin la necesidad de comprar una tarjeta gr\u00e1fica dedicada por separado.<br \/>\nCon un dueto aumentado de Microprocesador y Chipset adelantados a su tiempo, bancos de memoria de respuesta r\u00e1pida, RAM con iluminaci\u00f3n por RGB, seguras unidades de Almacenamiento NVMe SSD, equipado con una potente Fuente de Alimentaci\u00f3n de 650W dise\u00f1ada y probada en rigurosos campos gaming.<\/p>\n<p>Solo los mejores componentes son montados sobre un gabinete de Media Torre que se fusiona a trav\u00e9s de su panel lateral de cristal templado con su vistosa iluminaci\u00f3n por RGB, te convertir\u00e1s en el Blanco Equivocado de tu adversario.<\/p>\n","protected":false},"excerpt":{"rendered":"<p>&#8211; Procesador AMD Ryzen 7 5700G con Gr\u00e1ficos Integrados<\/p>\n<p>&#8211; Motherboard A520M<\/p>\n<p>&#8211; Memoria RAM 8GB DDR4<\/p>\n<p>&#8211; Almacenamiento 1TB SSD NVME<\/p>\n<p>&#8211; Fuente de Poder 600W<\/p>\n<p>&#8211; Gabinete Mediatorre con panel de cristal<\/p>\n<p>&nbsp;<\/p>\n<p style=\"text-align: left;\"><a class=\"boton\" href=\"https:\/\/procesadores.mx\/pypr\/wp-content\/uploads\/2025\/06\/01PCG-Plata-Rendimiento.webp\"><input type=\"button\" value=\"Tabla de Rendimiento en juegos\" \/><\/a><\/p>\n<p>&nbsp;<\/p>\n","protected":false},"featured_media":3512,"template":"","meta":{"nf_dc_page":"","site-sidebar-layout":"default","site-content-layout":"","ast-site-content-layout":"default","site-content-style":"default","site-sidebar-style":"default","ast-global-header-display":"","ast-banner-title-visibility":"","ast-main-header-display":"","ast-hfb-above-header-display":"","ast-hfb-below-header-display":"","ast-hfb-mobile-header-display":"","site-post-title":"","ast-breadcrumbs-content":"","ast-featured-img":"","footer-sml-layout":"","ast-disable-related-posts":"","theme-transparent-header-meta":"default","adv-header-id-meta":"","stick-header-meta":"","header-above-stick-meta":"","header-main-stick-meta":"","header-below-stick-meta":"","astra-migrate-meta-layouts":"set","ast-page-background-enabled":"default","ast-page-background-meta":{"desktop":{"background-color":"var(--ast-global-color-4)","background-image":"","background-repeat":"repeat","background-position":"center center","background-size":"auto","background-attachment":"scroll","background-type":"","background-media":"","overlay-type":"","overlay-color":"","overlay-opacity":"","overlay-gradient":""},"tablet":{"background-color":"","background-image":"","background-repeat":"repeat","background-position":"center center","background-size":"auto","background-attachment":"scroll","background-type":"","background-media":"","overlay-type":"","overlay-color":"","overlay-opacity":"","overlay-gradient":""},"mobile":{"background-color":"","background-image":"","background-repeat":"repeat","background-position":"center center","background-size":"auto","background-attachment":"scroll","background-type":"","background-media":"","overlay-type":"","overlay-color":"","overlay-opacity":"","overlay-gradient":""}},"ast-content-background-meta":{"desktop":{"background-color":"var(--ast-global-color-5)","background-image":"","background-repeat":"repeat","background-position":"center center","background-size":"auto","background-attachment":"scroll","background-type":"","background-media":"","overlay-type":"","overlay-color":"","overlay-opacity":"","overlay-gradient":""},"tablet":{"background-color":"var(--ast-global-color-5)","background-image":"","background-repeat":"repeat","background-position":"center center","background-size":"auto","background-attachment":"scroll","background-type":"","background-media":"","overlay-type":"","overlay-color":"","overlay-opacity":"","overlay-gradient":""},"mobile":{"background-color":"var(--ast-global-color-5)","background-image":"","background-repeat":"repeat","background-position":"center center","background-size":"auto","background-attachment":"scroll","background-type":"","background-media":"","overlay-type":"","overlay-color":"","overlay-opacity":"","overlay-gradient":""}}},"pwb-brand":[134],"product_brand":[],"product_cat":[86,38],"product_tag":[],"class_list":{"0":"post-3502","1":"product","2":"type-product","3":"status-publish","4":"has-post-thumbnail","6":"pwb-brand-wildforce","7":"product_cat-impulso-tecnologico","8":"product_cat-pc-gamers","9":"desktop-align-left","10":"tablet-align-left","11":"mobile-align-left","13":"first","14":"instock","15":"shipping-taxable","16":"product-type-simple"},"aioseo_notices":[],"brands":[{"id":134,"name":"WildForce","slug":"wildforce"}],"_links":{"self":[{"href":"https:\/\/procesadores.mx\/pypr\/wp-json\/wp\/v2\/product\/3502","targetHints":{"allow":["GET"]}}],"collection":[{"href":"https:\/\/procesadores.mx\/pypr\/wp-json\/wp\/v2\/product"}],"about":[{"href":"https:\/\/procesadores.mx\/pypr\/wp-json\/wp\/v2\/types\/product"}],"wp:featuredmedia":[{"embeddable":true,"href":"https:\/\/procesadores.mx\/pypr\/wp-json\/wp\/v2\/media\/3512"}],"wp:attachment":[{"href":"https:\/\/procesadores.mx\/pypr\/wp-json\/wp\/v2\/media?parent=3502"}],"wp:term":[{"taxonomy":"pwb-brand","embeddable":true,"href":"https:\/\/procesadores.mx\/pypr\/wp-json\/wp\/v2\/pwb-brand?post=3502"},{"taxonomy":"product_brand","embeddable":true,"href":"https:\/\/procesadores.mx\/pypr\/wp-json\/wp\/v2\/product_brand?post=3502"},{"taxonomy":"product_cat","embeddable":true,"href":"https:\/\/procesadores.mx\/pypr\/wp-json\/wp\/v2\/product_cat?post=3502"},{"taxonomy":"product_tag","embeddable":true,"href":"https:\/\/procesadores.mx\/pypr\/wp-json\/wp\/v2\/product_tag?post=3502"}],"curies":[{"name":"wp","href":"https:\/\/api.w.org\/{rel}","templated":true}]}}