{"id":3523,"date":"2025-06-26T17:12:25","date_gmt":"2025-06-26T17:12:25","guid":{"rendered":"https:\/\/procesadores.mx\/pypr\/?post_type=product&#038;p=3523"},"modified":"2025-06-30T17:18:05","modified_gmt":"2025-06-30T17:18:05","slug":"pc-gamer-oro-black","status":"publish","type":"product","link":"https:\/\/procesadores.mx\/pypr\/producto\/pc-gamer-oro-black\/","title":{"rendered":"PC GAMER ORO BLACK"},"content":{"rendered":"<p>Bienvenido a la nueva era de rendimiento con el modelo ORO y obt\u00e9n un poder\u00edo sin igual; este equipo saca a relucir la velocidad descomunal de su procesador AMD Zen 4 y su potencia pura, todo esto\u00a0 para que los jugadores y creadores puedan procesar cualquier juego o flujo de trabajo que se cruce en su camino.<\/p>\n<p>Cuenta con un Microprocesador con rendimiento de juego puro, un chipset de \u00faltima generaci\u00f3n, \u00e1giles bancos de memoria RAM con iluminaci\u00f3n por RGB, almacenamiento NVMe SSD, Tarjeta Gr\u00e1fica RTX 3060 poderosa con iluminaci\u00f3n LED RGB, enfriamiento l\u00edquido premium con tapa tipo espejo\u00a0 silenciosa provista con iluminaci\u00f3n A-RGB y equipado con una poderosa Fuente de Alimentaci\u00f3n de 750W.<\/p>\n<p>Excelente para las m\u00e1s demandantes y agresivas Expediciones Gaming. Solo los componentes m\u00e1s avanzados y poderosos ensamblados sobre un elegante gabinete de Media Torre con un gran frente de malla y un panel superior ventilado, brindando un generoso flujo de aire para una refrigeraci\u00f3n optimizada con una est\u00e9tica premium, panel lateral de cristal templado con su vistosa iluminaci\u00f3n por RGB; Incomparable para proyectar un Estilo \u00danico.<\/p>\n","protected":false},"excerpt":{"rendered":"<p><img decoding=\"async\" class=\"alignnone size-medium wp-image-3531\" src=\"https:\/\/procesadores.mx\/pypr\/wp-content\/uploads\/2025\/06\/ORO-4-768x163-1.webp\" alt=\"\" width=\"1\" height=\"1\" \/>&#8211; Procesador AMD Ryzen 5 7600X<\/p>\n<p>&#8211; Motherboard B650M<\/p>\n<p>&#8211; Memoria RAM 8GB DDR5<\/p>\n<p>&#8211; Almacenamiento 1TB SSD NVME<\/p>\n<p>&#8211; Tarjeta Gr\u00e1fica RTX3060 Dual 12GB<\/p>\n<p>&#8211; Refrigeraci\u00f3n l\u00edquida<\/p>\n<p>&#8211; Fuente de Poder 750W<\/p>\n<p>&#8211; Gabinete Media torre con panel de cristal<\/p>\n<p style=\"text-align: left;\"><a class=\"boton\" href=\"https:\/\/procesadores.mx\/pypr\/wp-content\/uploads\/2025\/06\/02PCG-Oro-Rendimiento.webp\"><input type=\"button\" value=\"Tabla de Rendimiento en juegos\" \/><\/a><\/p>\n","protected":false},"featured_media":3524,"template":"","meta":{"nf_dc_page":"","site-sidebar-layout":"default","site-content-layout":"","ast-site-content-layout":"default","site-content-style":"default","site-sidebar-style":"default","ast-global-header-display":"","ast-banner-title-visibility":"","ast-main-header-display":"","ast-hfb-above-header-display":"","ast-hfb-below-header-display":"","ast-hfb-mobile-header-display":"","site-post-title":"","ast-breadcrumbs-content":"","ast-featured-img":"","footer-sml-layout":"","ast-disable-related-posts":"","theme-transparent-header-meta":"default","adv-header-id-meta":"","stick-header-meta":"","header-above-stick-meta":"","header-main-stick-meta":"","header-below-stick-meta":"","astra-migrate-meta-layouts":"set","ast-page-background-enabled":"default","ast-page-background-meta":{"desktop":{"background-color":"var(--ast-global-color-4)","background-image":"","background-repeat":"repeat","background-position":"center center","background-size":"auto","background-attachment":"scroll","background-type":"","background-media":"","overlay-type":"","overlay-color":"","overlay-opacity":"","overlay-gradient":""},"tablet":{"background-color":"","background-image":"","background-repeat":"repeat","background-position":"center center","background-size":"auto","background-attachment":"scroll","background-type":"","background-media":"","overlay-type":"","overlay-color":"","overlay-opacity":"","overlay-gradient":""},"mobile":{"background-color":"","background-image":"","background-repeat":"repeat","background-position":"center center","background-size":"auto","background-attachment":"scroll","background-type":"","background-media":"","overlay-type":"","overlay-color":"","overlay-opacity":"","overlay-gradient":""}},"ast-content-background-meta":{"desktop":{"background-color":"var(--ast-global-color-5)","background-image":"","background-repeat":"repeat","background-position":"center center","background-size":"auto","background-attachment":"scroll","background-type":"","background-media":"","overlay-type":"","overlay-color":"","overlay-opacity":"","overlay-gradient":""},"tablet":{"background-color":"var(--ast-global-color-5)","background-image":"","background-repeat":"repeat","background-position":"center center","background-size":"auto","background-attachment":"scroll","background-type":"","background-media":"","overlay-type":"","overlay-color":"","overlay-opacity":"","overlay-gradient":""},"mobile":{"background-color":"var(--ast-global-color-5)","background-image":"","background-repeat":"repeat","background-position":"center center","background-size":"auto","background-attachment":"scroll","background-type":"","background-media":"","overlay-type":"","overlay-color":"","overlay-opacity":"","overlay-gradient":""}}},"pwb-brand":[134],"product_brand":[],"product_cat":[86,38],"product_tag":[],"class_list":{"0":"post-3523","1":"product","2":"type-product","3":"status-publish","4":"has-post-thumbnail","6":"pwb-brand-wildforce","7":"product_cat-impulso-tecnologico","8":"product_cat-pc-gamers","9":"desktop-align-left","10":"tablet-align-left","11":"mobile-align-left","13":"first","14":"instock","15":"shipping-taxable","16":"product-type-simple"},"aioseo_notices":[],"brands":[{"id":134,"name":"WildForce","slug":"wildforce"}],"_links":{"self":[{"href":"https:\/\/procesadores.mx\/pypr\/wp-json\/wp\/v2\/product\/3523","targetHints":{"allow":["GET"]}}],"collection":[{"href":"https:\/\/procesadores.mx\/pypr\/wp-json\/wp\/v2\/product"}],"about":[{"href":"https:\/\/procesadores.mx\/pypr\/wp-json\/wp\/v2\/types\/product"}],"wp:featuredmedia":[{"embeddable":true,"href":"https:\/\/procesadores.mx\/pypr\/wp-json\/wp\/v2\/media\/3524"}],"wp:attachment":[{"href":"https:\/\/procesadores.mx\/pypr\/wp-json\/wp\/v2\/media?parent=3523"}],"wp:term":[{"taxonomy":"pwb-brand","embeddable":true,"href":"https:\/\/procesadores.mx\/pypr\/wp-json\/wp\/v2\/pwb-brand?post=3523"},{"taxonomy":"product_brand","embeddable":true,"href":"https:\/\/procesadores.mx\/pypr\/wp-json\/wp\/v2\/product_brand?post=3523"},{"taxonomy":"product_cat","embeddable":true,"href":"https:\/\/procesadores.mx\/pypr\/wp-json\/wp\/v2\/product_cat?post=3523"},{"taxonomy":"product_tag","embeddable":true,"href":"https:\/\/procesadores.mx\/pypr\/wp-json\/wp\/v2\/product_tag?post=3523"}],"curies":[{"name":"wp","href":"https:\/\/api.w.org\/{rel}","templated":true}]}}