{"id":3539,"date":"2025-06-26T17:30:49","date_gmt":"2025-06-26T17:30:49","guid":{"rendered":"https:\/\/procesadores.mx\/pypr\/?post_type=product&#038;p=3539"},"modified":"2025-06-28T01:23:29","modified_gmt":"2025-06-28T01:23:29","slug":"pc-gamer-platino-black","status":"publish","type":"product","link":"https:\/\/procesadores.mx\/pypr\/producto\/pc-gamer-platino-black\/","title":{"rendered":"PC GAMER PLATINO BLACK"},"content":{"rendered":"<p>El modelo PLATINO te permite dominar el juego y llevar a tu equipo hacia la VICTORIA; es perfecto para el gaming gracias a sus\u00a0<b>8 n\u00facleos y 16 hilos, <\/b>es la clave para obtener un gran rendimiento gracias a sus elevadas frecuencias de\u00a0<b>hasta 5,4 GHz,<\/b>\u00a0alta eficiencia en consumo y capacidades, compatibilidad con\u00a0<b>memorias DDR5, PCIe y SSD Gen5 <\/b><\/p>\n<p>Cuenta con un procesador de juegos AMD de 8 n\u00facleos, un chipset de \u00faltima generaci\u00f3n, \u00e1giles bancos de memoria RAM con iluminaci\u00f3n por RGB, almacenamiento NVMe SSD, Tarjeta Gr\u00e1fica GeForce RTX 4060 Ti Dual con iluminaci\u00f3n LED RGB, Enfriamiento l\u00edquido PREMIUM con tapa tipo espejo silenciosa con iluminaci\u00f3n A-RGB y equipado con una poderosa Fuente de Alimentaci\u00f3n de 750W.<\/p>\n<p>Proporciona un logro de objetivos m\u00e1s r\u00e1pido, adelantada a su tiempo, adelantada a su competencia, cuenta con tiempos de reacci\u00f3n m\u00e1s r\u00e1pidos y la mejor precisi\u00f3n de punter\u00eda para juegos competitivos, recomendada para transmisiones en vivo, video y voz mejorada con AI, experimenta mundos virtuales incre\u00edblemente detallados como nunca.<\/p>\n<p>El mejor equilibrio entre calidad y precio, es como un cohete\u2026 la renderizaci\u00f3n es r\u00e1pida, responde super r\u00e1pido a programas muy pesados como la Suite de Adobe y Adobe Premiere, Davinci Resolve, Filmora, todos abiertos al mismo tiempo.<\/p>\n","protected":false},"excerpt":{"rendered":"<p>-Procesador AMD Ryzen 7 7700X<\/p>\n<p>-Motherboard B650M<\/p>\n<p>-Memoria RAM 8GB DDR5<\/p>\n<p>&#8211; Almacenamiento 2TB SSD NVME<\/p>\n<p>-Tarjeta Gr\u00e1fica RTX 4060Ti Dual 8GB<\/p>\n<p>&#8211; Refrigeraci\u00f3n l\u00edquida<\/p>\n<p>&#8211; Fuente de Poder 750W<\/p>\n<p>&#8211; Gabinete color negro, media torre con panel de cristal<\/p>\n<p style=\"text-align: left;\"><a class=\"boton\" href=\"https:\/\/procesadores.mx\/pypr\/wp-content\/uploads\/2025\/06\/03PCG-Platino-Rendimiento.webp\"><input type=\"button\" value=\"Tabla de Rendimiento en juegos\" \/><\/a><\/p>\n","protected":false},"featured_media":3541,"template":"","meta":{"nf_dc_page":"","site-sidebar-layout":"default","site-content-layout":"","ast-site-content-layout":"default","site-content-style":"default","site-sidebar-style":"default","ast-global-header-display":"","ast-banner-title-visibility":"","ast-main-header-display":"","ast-hfb-above-header-display":"","ast-hfb-below-header-display":"","ast-hfb-mobile-header-display":"","site-post-title":"","ast-breadcrumbs-content":"","ast-featured-img":"","footer-sml-layout":"","ast-disable-related-posts":"","theme-transparent-header-meta":"default","adv-header-id-meta":"","stick-header-meta":"","header-above-stick-meta":"","header-main-stick-meta":"","header-below-stick-meta":"","astra-migrate-meta-layouts":"set","ast-page-background-enabled":"default","ast-page-background-meta":{"desktop":{"background-color":"var(--ast-global-color-4)","background-image":"","background-repeat":"repeat","background-position":"center center","background-size":"auto","background-attachment":"scroll","background-type":"","background-media":"","overlay-type":"","overlay-color":"","overlay-opacity":"","overlay-gradient":""},"tablet":{"background-color":"","background-image":"","background-repeat":"repeat","background-position":"center center","background-size":"auto","background-attachment":"scroll","background-type":"","background-media":"","overlay-type":"","overlay-color":"","overlay-opacity":"","overlay-gradient":""},"mobile":{"background-color":"","background-image":"","background-repeat":"repeat","background-position":"center center","background-size":"auto","background-attachment":"scroll","background-type":"","background-media":"","overlay-type":"","overlay-color":"","overlay-opacity":"","overlay-gradient":""}},"ast-content-background-meta":{"desktop":{"background-color":"var(--ast-global-color-5)","background-image":"","background-repeat":"repeat","background-position":"center center","background-size":"auto","background-attachment":"scroll","background-type":"","background-media":"","overlay-type":"","overlay-color":"","overlay-opacity":"","overlay-gradient":""},"tablet":{"background-color":"var(--ast-global-color-5)","background-image":"","background-repeat":"repeat","background-position":"center center","background-size":"auto","background-attachment":"scroll","background-type":"","background-media":"","overlay-type":"","overlay-color":"","overlay-opacity":"","overlay-gradient":""},"mobile":{"background-color":"var(--ast-global-color-5)","background-image":"","background-repeat":"repeat","background-position":"center center","background-size":"auto","background-attachment":"scroll","background-type":"","background-media":"","overlay-type":"","overlay-color":"","overlay-opacity":"","overlay-gradient":""}}},"pwb-brand":[134],"product_brand":[],"product_cat":[85,38],"product_tag":[],"class_list":{"0":"post-3539","1":"product","2":"type-product","3":"status-publish","4":"has-post-thumbnail","6":"pwb-brand-wildforce","7":"product_cat-lo-ultimo-en-tecnologia","8":"product_cat-pc-gamers","9":"desktop-align-left","10":"tablet-align-left","11":"mobile-align-left","13":"first","14":"instock","15":"shipping-taxable","16":"product-type-simple"},"aioseo_notices":[],"brands":[{"id":134,"name":"WildForce","slug":"wildforce"}],"_links":{"self":[{"href":"https:\/\/procesadores.mx\/pypr\/wp-json\/wp\/v2\/product\/3539","targetHints":{"allow":["GET"]}}],"collection":[{"href":"https:\/\/procesadores.mx\/pypr\/wp-json\/wp\/v2\/product"}],"about":[{"href":"https:\/\/procesadores.mx\/pypr\/wp-json\/wp\/v2\/types\/product"}],"wp:featuredmedia":[{"embeddable":true,"href":"https:\/\/procesadores.mx\/pypr\/wp-json\/wp\/v2\/media\/3541"}],"wp:attachment":[{"href":"https:\/\/procesadores.mx\/pypr\/wp-json\/wp\/v2\/media?parent=3539"}],"wp:term":[{"taxonomy":"pwb-brand","embeddable":true,"href":"https:\/\/procesadores.mx\/pypr\/wp-json\/wp\/v2\/pwb-brand?post=3539"},{"taxonomy":"product_brand","embeddable":true,"href":"https:\/\/procesadores.mx\/pypr\/wp-json\/wp\/v2\/product_brand?post=3539"},{"taxonomy":"product_cat","embeddable":true,"href":"https:\/\/procesadores.mx\/pypr\/wp-json\/wp\/v2\/product_cat?post=3539"},{"taxonomy":"product_tag","embeddable":true,"href":"https:\/\/procesadores.mx\/pypr\/wp-json\/wp\/v2\/product_tag?post=3539"}],"curies":[{"name":"wp","href":"https:\/\/api.w.org\/{rel}","templated":true}]}}