{"id":3556,"date":"2025-06-26T18:43:56","date_gmt":"2025-06-26T18:43:56","guid":{"rendered":"https:\/\/procesadores.mx\/pypr\/?post_type=product&#038;p=3556"},"modified":"2025-06-30T17:18:35","modified_gmt":"2025-06-30T17:18:35","slug":"pc-gamer-diamante-black","status":"publish","type":"product","link":"https:\/\/procesadores.mx\/pypr\/producto\/pc-gamer-diamante-black\/","title":{"rendered":"PC GAMER DIAMANTE BLACK"},"content":{"rendered":"<p>El modelo DIAMANTE te llevara a tener la m\u00e1xima experiencia de juego, con un desarrollo bestial que te permite disfrutar de su potencia sin importar el titulo del juego o la resoluci\u00f3n que uses, definitivamente con este equipo surge una fuerza imparable: &#8220;Los Imbatibles de COOLMOD&#8221;, ya que cuenta con una selecci\u00f3n de productos listos para desafiar los l\u00edmites del rendimiento.<\/p>\n<p>Cuenta con un procesador de juegos AMD de 8 n\u00facleos y tecnolog\u00eda AMD 3D, un chipset de \u00faltima generaci\u00f3n, \u00e1giles bancos de memoria RAM con iluminaci\u00f3n por RGB, almacenamiento NVMe SSD, Tarjeta Gr\u00e1fica GeForce RTX 4080 GAMING, iluminaci\u00f3n LED RGB, Enfriamiento l\u00edquido PREMIUM con tapa tipo espejo silenciosa con iluminaci\u00f3n A-RGB y equipado con una poderosa Fuente de Alimentaci\u00f3n de 750W.<\/p>\n<p>Ensamble impresionante, rendimiento sorprendente, ideal para juegos de realidad virtual, pero tambi\u00e9n para creadores de contenido e ingenier\u00eda.<\/p>\n<p>Disfruta de graficas reales e inmersivas, con acelerador grafico mediante AI y capacidad de respuesta ganadora al juego, ideal para transmisiones en vivo, definitivamente rendimiento y confiabilidad.<\/p>\n<p>Solo los componentes m\u00e1s avanzados y poderosos, ensamblados sobre un elegante gabinete de Media Torre con un gran frente de malla y un panel superior ventilado, brindando un generoso flujo de aire para una refrigeraci\u00f3n optimizada con una est\u00e9tica premium, panel lateral de cristal templado con su vistosa iluminaci\u00f3n por RGB; Incomparable para proyectar un Estilo \u00danico.<\/p>\n<p>Lleva tu experiencia Gaming a nuevos horizontes con las nuevas PC Arena Movistar, desarrollados para ser m\u00e1s que simples componentes<\/p>\n","protected":false},"excerpt":{"rendered":"<p>-Procesador AMD Ryzen 7 7800X3D<\/p>\n<p>-Motherboard B650M<\/p>\n<p>-Memoria RAM 16GB DDR5<\/p>\n<p>-Almacenamiento 2TB SSD NVME<\/p>\n<p>-Tarjeta Gr\u00e1fica RTX 4080 16GB<\/p>\n<p>-Refrigeraci\u00f3n l\u00edquida<\/p>\n<p>-Fuente de Poder 750W<\/p>\n<p>-Gabinete color negro, media torre con panel de cristal<\/p>\n<p>&nbsp;<\/p>\n<p style=\"text-align: left;\"><a class=\"boton\" href=\"https:\/\/procesadores.mx\/pypr\/wp-content\/uploads\/2025\/06\/04PCG-Diamante-Rendimiento.webp\"><input type=\"button\" value=\"Tabla de Rendimiento en juegos\" \/><\/a><\/p>\n","protected":false},"featured_media":3557,"template":"","meta":{"nf_dc_page":"","site-sidebar-layout":"default","site-content-layout":"","ast-site-content-layout":"default","site-content-style":"default","site-sidebar-style":"default","ast-global-header-display":"","ast-banner-title-visibility":"","ast-main-header-display":"","ast-hfb-above-header-display":"","ast-hfb-below-header-display":"","ast-hfb-mobile-header-display":"","site-post-title":"","ast-breadcrumbs-content":"","ast-featured-img":"","footer-sml-layout":"","ast-disable-related-posts":"","theme-transparent-header-meta":"default","adv-header-id-meta":"","stick-header-meta":"","header-above-stick-meta":"","header-main-stick-meta":"","header-below-stick-meta":"","astra-migrate-meta-layouts":"set","ast-page-background-enabled":"default","ast-page-background-meta":{"desktop":{"background-color":"var(--ast-global-color-4)","background-image":"","background-repeat":"repeat","background-position":"center center","background-size":"auto","background-attachment":"scroll","background-type":"","background-media":"","overlay-type":"","overlay-color":"","overlay-opacity":"","overlay-gradient":""},"tablet":{"background-color":"","background-image":"","background-repeat":"repeat","background-position":"center center","background-size":"auto","background-attachment":"scroll","background-type":"","background-media":"","overlay-type":"","overlay-color":"","overlay-opacity":"","overlay-gradient":""},"mobile":{"background-color":"","background-image":"","background-repeat":"repeat","background-position":"center center","background-size":"auto","background-attachment":"scroll","background-type":"","background-media":"","overlay-type":"","overlay-color":"","overlay-opacity":"","overlay-gradient":""}},"ast-content-background-meta":{"desktop":{"background-color":"var(--ast-global-color-5)","background-image":"","background-repeat":"repeat","background-position":"center center","background-size":"auto","background-attachment":"scroll","background-type":"","background-media":"","overlay-type":"","overlay-color":"","overlay-opacity":"","overlay-gradient":""},"tablet":{"background-color":"var(--ast-global-color-5)","background-image":"","background-repeat":"repeat","background-position":"center center","background-size":"auto","background-attachment":"scroll","background-type":"","background-media":"","overlay-type":"","overlay-color":"","overlay-opacity":"","overlay-gradient":""},"mobile":{"background-color":"var(--ast-global-color-5)","background-image":"","background-repeat":"repeat","background-position":"center center","background-size":"auto","background-attachment":"scroll","background-type":"","background-media":"","overlay-type":"","overlay-color":"","overlay-opacity":"","overlay-gradient":""}}},"pwb-brand":[134],"product_brand":[],"product_cat":[38,22],"product_tag":[],"class_list":{"0":"post-3556","1":"product","2":"type-product","3":"status-publish","4":"has-post-thumbnail","6":"pwb-brand-wildforce","7":"product_cat-pc-gamers","8":"product_cat-productos-recomendados","9":"desktop-align-left","10":"tablet-align-left","11":"mobile-align-left","13":"first","14":"instock","15":"shipping-taxable","16":"product-type-simple"},"aioseo_notices":[],"brands":[{"id":134,"name":"WildForce","slug":"wildforce"}],"_links":{"self":[{"href":"https:\/\/procesadores.mx\/pypr\/wp-json\/wp\/v2\/product\/3556","targetHints":{"allow":["GET"]}}],"collection":[{"href":"https:\/\/procesadores.mx\/pypr\/wp-json\/wp\/v2\/product"}],"about":[{"href":"https:\/\/procesadores.mx\/pypr\/wp-json\/wp\/v2\/types\/product"}],"wp:featuredmedia":[{"embeddable":true,"href":"https:\/\/procesadores.mx\/pypr\/wp-json\/wp\/v2\/media\/3557"}],"wp:attachment":[{"href":"https:\/\/procesadores.mx\/pypr\/wp-json\/wp\/v2\/media?parent=3556"}],"wp:term":[{"taxonomy":"pwb-brand","embeddable":true,"href":"https:\/\/procesadores.mx\/pypr\/wp-json\/wp\/v2\/pwb-brand?post=3556"},{"taxonomy":"product_brand","embeddable":true,"href":"https:\/\/procesadores.mx\/pypr\/wp-json\/wp\/v2\/product_brand?post=3556"},{"taxonomy":"product_cat","embeddable":true,"href":"https:\/\/procesadores.mx\/pypr\/wp-json\/wp\/v2\/product_cat?post=3556"},{"taxonomy":"product_tag","embeddable":true,"href":"https:\/\/procesadores.mx\/pypr\/wp-json\/wp\/v2\/product_tag?post=3556"}],"curies":[{"name":"wp","href":"https:\/\/api.w.org\/{rel}","templated":true}]}}