{"id":3869,"date":"2025-09-22T23:24:22","date_gmt":"2025-09-22T23:24:22","guid":{"rendered":"https:\/\/procesadores.mx\/pypr\/?post_type=product&#038;p=3869"},"modified":"2025-09-22T23:24:22","modified_gmt":"2025-09-22T23:24:22","slug":"toshiba-canvio-advance-plus-white","status":"publish","type":"product","link":"https:\/\/procesadores.mx\/pypr\/producto\/toshiba-canvio-advance-plus-white\/","title":{"rendered":"Toshiba Canvio Advance Plus | White"},"content":{"rendered":"<p>Disco duro port\u00e1til externo Toshiba Canvio Advance Plus 2TB | Blanco<\/p>\n<p>\u00b7Capacidad: 2 TB.<br \/>\n\u00b7\u00datil para guardar programas y documentos con su capacidad de 2 TB.<br \/>\n\u00b7Tama\u00f1o de 2.5 &#8220;.<br \/>\n\u00b7Es compatible con Windows.<br \/>\n\u00b7F\u00e1cil de transportar.<br \/>\n\u00b7Interfaz de conexi\u00f3n: USB 3.0.<br \/>\n\u00b7Apto para PC.<br \/>\n\u00b7Accesorios incluidos: cable usb.<\/p>\n","protected":false},"excerpt":{"rendered":"<p>El Disco Duro Externo Toshiba Canvio Advance Plus de 2TB en color blanco es una soluci\u00f3n eficiente<br \/>\npara ampliar la capacidad de almacenamiento de tu equipo.<br \/>\nEste dispositivo HDD destaca por su relaci\u00f3n costo-beneficio en comparaci\u00f3n con otras opciones de almacenamiento.<br \/>\nCon una interfaz USB 3.0, el Toshiba Advance Plus ofrece transferencias de datos r\u00e1pidas, facilitando el manejo de grandes vol\u00famenes de informaci\u00f3n en tiempos reducidos y adapt\u00e1ndose a diversas necesidades de uso.<\/p>\n","protected":false},"featured_media":3871,"template":"","meta":{"nf_dc_page":"","site-sidebar-layout":"default","site-content-layout":"","ast-site-content-layout":"default","site-content-style":"default","site-sidebar-style":"default","ast-global-header-display":"","ast-banner-title-visibility":"","ast-main-header-display":"","ast-hfb-above-header-display":"","ast-hfb-below-header-display":"","ast-hfb-mobile-header-display":"","site-post-title":"","ast-breadcrumbs-content":"","ast-featured-img":"","footer-sml-layout":"","ast-disable-related-posts":"","theme-transparent-header-meta":"default","adv-header-id-meta":"","stick-header-meta":"","header-above-stick-meta":"","header-main-stick-meta":"","header-below-stick-meta":"","astra-migrate-meta-layouts":"set","ast-page-background-enabled":"default","ast-page-background-meta":{"desktop":{"background-color":"var(--ast-global-color-4)","background-image":"","background-repeat":"repeat","background-position":"center center","background-size":"auto","background-attachment":"scroll","background-type":"","background-media":"","overlay-type":"","overlay-color":"","overlay-opacity":"","overlay-gradient":""},"tablet":{"background-color":"","background-image":"","background-repeat":"repeat","background-position":"center center","background-size":"auto","background-attachment":"scroll","background-type":"","background-media":"","overlay-type":"","overlay-color":"","overlay-opacity":"","overlay-gradient":""},"mobile":{"background-color":"","background-image":"","background-repeat":"repeat","background-position":"center center","background-size":"auto","background-attachment":"scroll","background-type":"","background-media":"","overlay-type":"","overlay-color":"","overlay-opacity":"","overlay-gradient":""}},"ast-content-background-meta":{"desktop":{"background-color":"var(--ast-global-color-5)","background-image":"","background-repeat":"repeat","background-position":"center center","background-size":"auto","background-attachment":"scroll","background-type":"","background-media":"","overlay-type":"","overlay-color":"","overlay-opacity":"","overlay-gradient":""},"tablet":{"background-color":"var(--ast-global-color-5)","background-image":"","background-repeat":"repeat","background-position":"center center","background-size":"auto","background-attachment":"scroll","background-type":"","background-media":"","overlay-type":"","overlay-color":"","overlay-opacity":"","overlay-gradient":""},"mobile":{"background-color":"var(--ast-global-color-5)","background-image":"","background-repeat":"repeat","background-position":"center center","background-size":"auto","background-attachment":"scroll","background-type":"","background-media":"","overlay-type":"","overlay-color":"","overlay-opacity":"","overlay-gradient":""}}},"pwb-brand":[75],"product_brand":[],"product_cat":[82],"product_tag":[87,83,88],"class_list":{"0":"post-3869","1":"product","2":"type-product","3":"status-publish","4":"has-post-thumbnail","6":"pwb-brand-toshiba","7":"product_cat-disco-duro-externo","8":"product_tag-externo","9":"product_tag-hdd","10":"product_tag-portatil","11":"desktop-align-left","12":"tablet-align-left","13":"mobile-align-left","15":"first","16":"instock","17":"shipping-taxable","18":"product-type-simple"},"aioseo_notices":[],"brands":[{"id":75,"name":"Toshiba","slug":"toshiba"}],"_links":{"self":[{"href":"https:\/\/procesadores.mx\/pypr\/wp-json\/wp\/v2\/product\/3869","targetHints":{"allow":["GET"]}}],"collection":[{"href":"https:\/\/procesadores.mx\/pypr\/wp-json\/wp\/v2\/product"}],"about":[{"href":"https:\/\/procesadores.mx\/pypr\/wp-json\/wp\/v2\/types\/product"}],"wp:featuredmedia":[{"embeddable":true,"href":"https:\/\/procesadores.mx\/pypr\/wp-json\/wp\/v2\/media\/3871"}],"wp:attachment":[{"href":"https:\/\/procesadores.mx\/pypr\/wp-json\/wp\/v2\/media?parent=3869"}],"wp:term":[{"taxonomy":"pwb-brand","embeddable":true,"href":"https:\/\/procesadores.mx\/pypr\/wp-json\/wp\/v2\/pwb-brand?post=3869"},{"taxonomy":"product_brand","embeddable":true,"href":"https:\/\/procesadores.mx\/pypr\/wp-json\/wp\/v2\/product_brand?post=3869"},{"taxonomy":"product_cat","embeddable":true,"href":"https:\/\/procesadores.mx\/pypr\/wp-json\/wp\/v2\/product_cat?post=3869"},{"taxonomy":"product_tag","embeddable":true,"href":"https:\/\/procesadores.mx\/pypr\/wp-json\/wp\/v2\/product_tag?post=3869"}],"curies":[{"name":"wp","href":"https:\/\/api.w.org\/{rel}","templated":true}]}}