{"id":4128,"date":"2025-09-30T20:24:05","date_gmt":"2025-09-30T20:24:05","guid":{"rendered":"https:\/\/procesadores.mx\/pypr\/?post_type=product&#038;p=4128"},"modified":"2025-10-01T22:34:21","modified_gmt":"2025-10-01T22:34:21","slug":"toshiba-n300-14tb","status":"publish","type":"product","link":"https:\/\/procesadores.mx\/pypr\/producto\/toshiba-n300-14tb\/","title":{"rendered":"Toshiba N300 PRO NAS 14TB"},"content":{"rendered":"<p>El Toshiba N300 Pro NAS Interno de 14TB est\u00e1 dise\u00f1ado para satisfacer las necesidades de peque\u00f1as y medianas empresas, creadores de contenido y profesionales que requieren un almacenamiento robusto y confiable. Optimizado para sistemas NAS con m\u00faltiples bah\u00edas, este disco duro ofrece un rendimiento constante y operaci\u00f3n continua las 24 horas del d\u00eda, los 7 d\u00edas de la semana.<br \/>\nCon una capacidad de 14TB, soporte de carga de trabajo de hasta 300 TB\/a\u00f1o, tecnolog\u00eda avanzada de control de vibraciones y sensores de temperatura, garantiza estabilidad y eficiencia incluso en configuraciones de alta demanda. Su dise\u00f1o est\u00e1 pensado para asegurar la integridad de los datos y la m\u00e1xima durabilidad en entornos cr\u00edticos.<br \/>\nEs la soluci\u00f3n ideal para quienes buscan un equilibrio perfecto entre rendimiento, seguridad y capacidad de expansi\u00f3n en infraestructuras de almacenamiento en red.<\/p>\n<hr \/>\n<div class=\"wpforms-container wpforms-render-modern\" id=\"wpforms-1441\"><form id=\"wpforms-form-1441\" class=\"wpforms-validate wpforms-form wpforms-ajax-form\" data-formid=\"1441\" method=\"post\" enctype=\"multipart\/form-data\" action=\"\/pypr\/wp-json\/wp\/v2\/product\/4128\" data-token=\"5b69fa710c148566c65ca3c4b538fa64\" data-token-time=\"1778331861\"><div class=\"wpforms-head-container\"><div class=\"wpforms-title\">Formulario contacto<\/div><\/div><noscript class=\"wpforms-error-noscript\">Por favor, activa JavaScript en tu navegador para completar este formulario.<\/noscript><div id=\"wpforms-error-noscript\" style=\"display: none;\">Por favor, activa JavaScript en tu navegador para completar este formulario.<\/div><div class=\"wpforms-field-container\"><div id=\"wpforms-1441-field_1-container\" class=\"wpforms-field wpforms-field-name\" data-field-id=\"1\"><fieldset><legend class=\"wpforms-field-label\">Nombre <span class=\"wpforms-required-label\" aria-hidden=\"true\">*<\/span><\/legend><div class=\"wpforms-field-row wpforms-field-medium\"><div class=\"wpforms-field-row-block wpforms-first wpforms-one-half\"><input type=\"text\" id=\"wpforms-1441-field_1\" class=\"wpforms-field-name-first wpforms-field-required\" name=\"wpforms[fields][1][first]\" aria-errormessage=\"wpforms-1441-field_1-error\" required><label for=\"wpforms-1441-field_1\" class=\"wpforms-field-sublabel after\">Nombre<\/label><\/div><div class=\"wpforms-field-row-block wpforms-one-half\"><input type=\"text\" id=\"wpforms-1441-field_1-last\" class=\"wpforms-field-name-last wpforms-field-required\" name=\"wpforms[fields][1][last]\" aria-errormessage=\"wpforms-1441-field_1-last-error\" required><label for=\"wpforms-1441-field_1-last\" class=\"wpforms-field-sublabel after\">Apellidos<\/label><\/div><\/div><\/fieldset><\/div>\t\t<div id=\"wpforms-1441-field_5-container\"\n\t\t\tclass=\"wpforms-field wpforms-field-text\"\n\t\t\tdata-field-type=\"text\"\n\t\t\tdata-field-id=\"5\"\n\t\t\t>\n\t\t\t<label class=\"wpforms-field-label\" for=\"wpforms-1441-field_5\" >electr\u00f3nico Correo mensaje<\/label>\n\t\t\t<input type=\"text\" id=\"wpforms-1441-field_5\" class=\"wpforms-field-medium\" name=\"wpforms[fields][5]\" >\n\t\t<\/div>\n\t\t<div id=\"wpforms-1441-field_6-container\" class=\"wpforms-field wpforms-field-text\" data-field-id=\"6\"><label class=\"wpforms-field-label\" for=\"wpforms-1441-field_6\">Empresa<\/label><input type=\"text\" id=\"wpforms-1441-field_6\" class=\"wpforms-field-medium\" name=\"wpforms[fields][6]\" aria-errormessage=\"wpforms-1441-field_6-error\" ><\/div><div id=\"wpforms-1441-field_4-container\" class=\"wpforms-field wpforms-field-number\" data-field-id=\"4\"><label class=\"wpforms-field-label\" for=\"wpforms-1441-field_4\">Tel\u00e9fono<\/label><input type=\"number\" id=\"wpforms-1441-field_4\" class=\"wpforms-field-medium\" name=\"wpforms[fields][4]\" step=\"any\" aria-errormessage=\"wpforms-1441-field_4-error\" ><\/div><div id=\"wpforms-1441-field_2-container\" class=\"wpforms-field wpforms-field-email\" data-field-id=\"2\"><label class=\"wpforms-field-label\" for=\"wpforms-1441-field_2\">Correo electr\u00f3nico <span class=\"wpforms-required-label\" aria-hidden=\"true\">*<\/span><\/label><input type=\"email\" id=\"wpforms-1441-field_2\" class=\"wpforms-field-medium wpforms-field-required\" name=\"wpforms[fields][2]\" spellcheck=\"false\" aria-errormessage=\"wpforms-1441-field_2-error\" required><\/div><div id=\"wpforms-1441-field_3-container\" class=\"wpforms-field wpforms-field-textarea\" data-field-id=\"3\"><label class=\"wpforms-field-label\" for=\"wpforms-1441-field_3\">Comentario o mensaje<\/label><textarea id=\"wpforms-1441-field_3\" class=\"wpforms-field-medium\" name=\"wpforms[fields][3]\" aria-errormessage=\"wpforms-1441-field_3-error\" ><\/textarea><\/div><script>\n\t\t\t\t( function() {\n\t\t\t\t\tconst style = document.createElement( 'style' );\n\t\t\t\t\tstyle.appendChild( document.createTextNode( '#wpforms-1441-field_5-container { position: absolute !important; overflow: hidden !important; display: inline !important; height: 1px !important; width: 1px !important; z-index: -1000 !important; padding: 0 !important; } #wpforms-1441-field_5-container input { visibility: hidden; } #wpforms-conversational-form-page #wpforms-1441-field_5-container label { counter-increment: none; }' ) );\n\t\t\t\t\tdocument.head.appendChild( style );\n\t\t\t\t\tdocument.currentScript?.remove();\n\t\t\t\t} )();\n\t\t\t<\/script><\/div><!-- .wpforms-field-container --><div class=\"wpforms-recaptcha-container wpforms-is-recaptcha wpforms-is-recaptcha-type-v2\" ><div class=\"g-recaptcha\" data-sitekey=\"6LfaqPQqAAAAAFgEdybefGJnVGb_Li16o6oVbY8s\"><\/div><input type=\"text\" name=\"g-recaptcha-hidden\" class=\"wpforms-recaptcha-hidden\" style=\"position:absolute!important;clip:rect(0,0,0,0)!important;height:1px!important;width:1px!important;border:0!important;overflow:hidden!important;padding:0!important;margin:0!important;\" data-rule-recaptcha=\"1\"><\/div><div class=\"wpforms-submit-container\" ><input type=\"hidden\" name=\"wpforms[id]\" value=\"1441\"><input type=\"hidden\" name=\"page_title\" value=\"\"><input type=\"hidden\" name=\"page_url\" value=\"https:\/\/procesadores.mx\/pypr\/wp-json\/wp\/v2\/product\/4128\"><input type=\"hidden\" name=\"url_referer\" value=\"\"><button type=\"submit\" name=\"wpforms[submit]\" id=\"wpforms-submit-1441\" class=\"wpforms-submit\" data-alt-text=\"Enviando...\" data-submit-text=\"Enviar\" aria-live=\"assertive\" value=\"wpforms-submit\">Enviar<\/button><img decoding=\"async\" src=\"https:\/\/procesadores.mx\/pypr\/wp-content\/plugins\/wpforms-lite\/assets\/images\/submit-spin.svg\" class=\"wpforms-submit-spinner\" style=\"display: none;\" width=\"26\" height=\"26\" alt=\"Cargando\"><\/div><\/form><\/div>  <!-- .wpforms-container -->\n","protected":false},"excerpt":{"rendered":"<p>\u00b7 Capacidad: 14TB<br \/>\n\u00b7 Formato: 3.5&#8243;<br \/>\n\u00b7 Interfaz: SATA 6 Gb\/s<br \/>\n\u00b7 Velocidad de rotaci\u00f3n: 7200 RPM<br \/>\n\u00b7 Memoria cach\u00e9: 512 MB<br \/>\n\u00b7 Carga de trabajo anual: hasta 300 TB\/a\u00f1o<br \/>\n\u00b7 MTTF: hasta 1,2 millones de horas<br \/>\n\u00b7 Compatibilidad: NAS de m\u00faltiples bah\u00edas (24\/7)<br \/>\n\u00b7 Funciones adicionales: Control de vibraci\u00f3n, sensores de temperatura, confiabilidad empresarial<\/p>\n","protected":false},"featured_media":4137,"template":"","meta":{"nf_dc_page":"","site-sidebar-layout":"default","site-content-layout":"","ast-site-content-layout":"default","site-content-style":"default","site-sidebar-style":"default","ast-global-header-display":"","ast-banner-title-visibility":"","ast-main-header-display":"","ast-hfb-above-header-display":"","ast-hfb-below-header-display":"","ast-hfb-mobile-header-display":"","site-post-title":"","ast-breadcrumbs-content":"","ast-featured-img":"","footer-sml-layout":"","ast-disable-related-posts":"","theme-transparent-header-meta":"default","adv-header-id-meta":"","stick-header-meta":"","header-above-stick-meta":"","header-main-stick-meta":"","header-below-stick-meta":"","astra-migrate-meta-layouts":"set","ast-page-background-enabled":"default","ast-page-background-meta":{"desktop":{"background-color":"var(--ast-global-color-4)","background-image":"","background-repeat":"repeat","background-position":"center center","background-size":"auto","background-attachment":"scroll","background-type":"","background-media":"","overlay-type":"","overlay-color":"","overlay-opacity":"","overlay-gradient":""},"tablet":{"background-color":"","background-image":"","background-repeat":"repeat","background-position":"center center","background-size":"auto","background-attachment":"scroll","background-type":"","background-media":"","overlay-type":"","overlay-color":"","overlay-opacity":"","overlay-gradient":""},"mobile":{"background-color":"","background-image":"","background-repeat":"repeat","background-position":"center center","background-size":"auto","background-attachment":"scroll","background-type":"","background-media":"","overlay-type":"","overlay-color":"","overlay-opacity":"","overlay-gradient":""}},"ast-content-background-meta":{"desktop":{"background-color":"var(--ast-global-color-5)","background-image":"","background-repeat":"repeat","background-position":"center center","background-size":"auto","background-attachment":"scroll","background-type":"","background-media":"","overlay-type":"","overlay-color":"","overlay-opacity":"","overlay-gradient":""},"tablet":{"background-color":"var(--ast-global-color-5)","background-image":"","background-repeat":"repeat","background-position":"center center","background-size":"auto","background-attachment":"scroll","background-type":"","background-media":"","overlay-type":"","overlay-color":"","overlay-opacity":"","overlay-gradient":""},"mobile":{"background-color":"var(--ast-global-color-5)","background-image":"","background-repeat":"repeat","background-position":"center center","background-size":"auto","background-attachment":"scroll","background-type":"","background-media":"","overlay-type":"","overlay-color":"","overlay-opacity":"","overlay-gradient":""}}},"pwb-brand":[75],"product_brand":[],"product_cat":[33,22],"product_tag":[83,89],"class_list":{"0":"post-4128","1":"product","2":"type-product","3":"status-publish","4":"has-post-thumbnail","6":"pwb-brand-toshiba","7":"product_cat-disco-duro-interno-hdd","8":"product_cat-productos-recomendados","9":"product_tag-hdd","10":"product_tag-interno","11":"desktop-align-left","12":"tablet-align-left","13":"mobile-align-left","15":"first","16":"instock","17":"shipping-taxable","18":"product-type-simple"},"aioseo_notices":[],"brands":[{"id":75,"name":"Toshiba","slug":"toshiba"}],"_links":{"self":[{"href":"https:\/\/procesadores.mx\/pypr\/wp-json\/wp\/v2\/product\/4128","targetHints":{"allow":["GET"]}}],"collection":[{"href":"https:\/\/procesadores.mx\/pypr\/wp-json\/wp\/v2\/product"}],"about":[{"href":"https:\/\/procesadores.mx\/pypr\/wp-json\/wp\/v2\/types\/product"}],"wp:featuredmedia":[{"embeddable":true,"href":"https:\/\/procesadores.mx\/pypr\/wp-json\/wp\/v2\/media\/4137"}],"wp:attachment":[{"href":"https:\/\/procesadores.mx\/pypr\/wp-json\/wp\/v2\/media?parent=4128"}],"wp:term":[{"taxonomy":"pwb-brand","embeddable":true,"href":"https:\/\/procesadores.mx\/pypr\/wp-json\/wp\/v2\/pwb-brand?post=4128"},{"taxonomy":"product_brand","embeddable":true,"href":"https:\/\/procesadores.mx\/pypr\/wp-json\/wp\/v2\/product_brand?post=4128"},{"taxonomy":"product_cat","embeddable":true,"href":"https:\/\/procesadores.mx\/pypr\/wp-json\/wp\/v2\/product_cat?post=4128"},{"taxonomy":"product_tag","embeddable":true,"href":"https:\/\/procesadores.mx\/pypr\/wp-json\/wp\/v2\/product_tag?post=4128"}],"curies":[{"name":"wp","href":"https:\/\/api.w.org\/{rel}","templated":true}]}}