{"id":4484,"date":"2025-12-11T18:29:57","date_gmt":"2025-12-11T18:29:57","guid":{"rendered":"https:\/\/procesadores.mx\/pypr\/?post_type=product&#038;p=4484"},"modified":"2025-12-12T00:41:34","modified_gmt":"2025-12-12T00:41:34","slug":"workstation-profesional-w331-z00","status":"publish","type":"product","link":"https:\/\/procesadores.mx\/pypr\/producto\/workstation-profesional-w331-z00\/","title":{"rendered":"Workstation Profesional W331-Z00"},"content":{"rendered":"<p>La Gigabyte Workstation Profesional W331-Z00 es un nuevo lanzamiento dise\u00f1ado para ofrecer potencia, estabilidad y un desempe\u00f1o confiable en todo tipo de tareas profesionales.<br \/>\nEste producto nuevo, ensamblado por P&amp;P, integra componentes de alto rendimiento que garantizan una experiencia fluida en entornos de oficina avanzada, dise\u00f1o ligero, edici\u00f3n b\u00e1sica, an\u00e1lisis y multitarea intensiva.<br \/>\nImpulsada por un procesador AMD Ryzen\u2122 5700G de 8 n\u00facleos y 16 hilos con gr\u00e1ficos integrados, esta workstation combina velocidad y eficiencia para cargas de trabajo exigentes.<br \/>\nCuenta con 16 GB de memoria DDR4, un SSD de 1 TB de alta velocidad, doble conexi\u00f3n LAN Gigabit, salidas HDMI y DisplayPort para configuraciones multimonitor, adem\u00e1s de una fuente de poder 550 W eficiente y estable. Incluye Windows 11 Preview para un entorno moderno y responsivo.<br \/>\nLa Gigabyte W331-Z00 es ideal para oficinas profesionales, dise\u00f1o y edici\u00f3n ligera, productividad intensiva y empresas que buscan un equipo confiable con excelente relaci\u00f3n costo\u2013beneficio.<br \/>\nYa disponible en P&amp;P.<\/p>\n<hr \/>\n<p>\u00bfQuieres ser Distribuidor?<\/p>\n<div class=\"wpforms-container wpforms-render-modern\" id=\"wpforms-658\"><form id=\"wpforms-form-658\" class=\"wpforms-validate wpforms-form wpforms-ajax-form\" data-formid=\"658\" method=\"post\" enctype=\"multipart\/form-data\" action=\"\/pypr\/wp-json\/wp\/v2\/product\/4484\" data-token=\"a9d36c7cc2317f32d9f372116296d9bf\" data-token-time=\"1778329063\"><noscript class=\"wpforms-error-noscript\">Por favor, activa JavaScript en tu navegador para completar este formulario.<\/noscript><div id=\"wpforms-error-noscript\" style=\"display: none;\">Por favor, activa JavaScript en tu navegador para completar este formulario.<\/div><div class=\"wpforms-field-container\"><div id=\"wpforms-658-field_1-container\" class=\"wpforms-field wpforms-field-name\" data-field-id=\"1\"><label class=\"wpforms-field-label\" for=\"wpforms-658-field_1\">Nombre y Apellido <span class=\"wpforms-required-label\" aria-hidden=\"true\">*<\/span><\/label><input type=\"text\" id=\"wpforms-658-field_1\" class=\"wpforms-field-medium wpforms-field-required\" name=\"wpforms[fields][1]\" aria-errormessage=\"wpforms-658-field_1-error\" required><\/div><div id=\"wpforms-658-field_26-container\" class=\"wpforms-field wpforms-field-text\" data-field-id=\"26\"><label class=\"wpforms-field-label\" for=\"wpforms-658-field_26\">Empresa<\/label><input type=\"text\" id=\"wpforms-658-field_26\" class=\"wpforms-field-medium\" name=\"wpforms[fields][26]\" aria-errormessage=\"wpforms-658-field_26-error\" ><\/div><div id=\"wpforms-658-field_28-container\" class=\"wpforms-field wpforms-field-text\" data-field-id=\"28\"><label class=\"wpforms-field-label\" for=\"wpforms-658-field_28\">Raz\u00f3n social<\/label><input type=\"text\" id=\"wpforms-658-field_28\" class=\"wpforms-field-medium\" name=\"wpforms[fields][28]\" aria-errormessage=\"wpforms-658-field_28-error\" ><\/div><div id=\"wpforms-658-field_25-container\" class=\"wpforms-field wpforms-field-number\" data-field-id=\"25\"><label class=\"wpforms-field-label\" for=\"wpforms-658-field_25\">Tel\u00e9fono<\/label><input type=\"number\" id=\"wpforms-658-field_25\" class=\"wpforms-field-medium\" name=\"wpforms[fields][25]\" step=\"any\" aria-errormessage=\"wpforms-658-field_25-error\" ><\/div><div id=\"wpforms-658-field_24-container\" class=\"wpforms-field wpforms-field-email\" data-field-id=\"24\"><label class=\"wpforms-field-label\" for=\"wpforms-658-field_24\">Correo electr\u00f3nico <span class=\"wpforms-required-label\" aria-hidden=\"true\">*<\/span><\/label><input type=\"email\" id=\"wpforms-658-field_24\" class=\"wpforms-field-medium wpforms-field-required\" name=\"wpforms[fields][24]\" spellcheck=\"false\" aria-errormessage=\"wpforms-658-field_24-error\" required><\/div>\t\t<div id=\"wpforms-658-field_2-container\"\n\t\t\tclass=\"wpforms-field wpforms-field-text\"\n\t\t\tdata-field-type=\"text\"\n\t\t\tdata-field-id=\"2\"\n\t\t\t>\n\t\t\t<label class=\"wpforms-field-label\" for=\"wpforms-658-field_2\" >Empresa Correo social<\/label>\n\t\t\t<input type=\"text\" id=\"wpforms-658-field_2\" class=\"wpforms-field-medium\" name=\"wpforms[fields][2]\" >\n\t\t<\/div>\n\t\t<div id=\"wpforms-658-field_30-container\" class=\"wpforms-field wpforms-field-textarea\" data-field-id=\"30\"><label class=\"wpforms-field-label\" for=\"wpforms-658-field_30\">Comentario<\/label><textarea id=\"wpforms-658-field_30\" class=\"wpforms-field-medium\" name=\"wpforms[fields][30]\" aria-errormessage=\"wpforms-658-field_30-error\" ><\/textarea><\/div><script>\n\t\t\t\t( function() {\n\t\t\t\t\tconst style = document.createElement( 'style' );\n\t\t\t\t\tstyle.appendChild( document.createTextNode( '#wpforms-658-field_2-container { position: absolute !important; overflow: hidden !important; display: inline !important; height: 1px !important; width: 1px !important; z-index: -1000 !important; padding: 0 !important; } #wpforms-658-field_2-container input { visibility: hidden; } #wpforms-conversational-form-page #wpforms-658-field_2-container label { counter-increment: none; }' ) );\n\t\t\t\t\tdocument.head.appendChild( style );\n\t\t\t\t\tdocument.currentScript?.remove();\n\t\t\t\t} )();\n\t\t\t<\/script><\/div><!-- .wpforms-field-container --><div class=\"wpforms-recaptcha-container wpforms-is-recaptcha wpforms-is-recaptcha-type-v2\" ><div class=\"g-recaptcha\" data-sitekey=\"6LfaqPQqAAAAAFgEdybefGJnVGb_Li16o6oVbY8s\"><\/div><input type=\"text\" name=\"g-recaptcha-hidden\" class=\"wpforms-recaptcha-hidden\" style=\"position:absolute!important;clip:rect(0,0,0,0)!important;height:1px!important;width:1px!important;border:0!important;overflow:hidden!important;padding:0!important;margin:0!important;\" data-rule-recaptcha=\"1\"><\/div><div class=\"wpforms-submit-container\" ><input type=\"hidden\" name=\"wpforms[id]\" value=\"658\"><input type=\"hidden\" name=\"page_title\" value=\"\"><input type=\"hidden\" name=\"page_url\" value=\"https:\/\/procesadores.mx\/pypr\/wp-json\/wp\/v2\/product\/4484\"><input type=\"hidden\" name=\"url_referer\" value=\"\"><button type=\"submit\" name=\"wpforms[submit]\" id=\"wpforms-submit-658\" class=\"wpforms-submit\" data-alt-text=\"Sending...\" data-submit-text=\"Enviar\" aria-live=\"assertive\" value=\"wpforms-submit\">Enviar<\/button><img decoding=\"async\" src=\"https:\/\/procesadores.mx\/pypr\/wp-content\/plugins\/wpforms-lite\/assets\/images\/submit-spin.svg\" class=\"wpforms-submit-spinner\" style=\"display: none;\" width=\"26\" height=\"26\" alt=\"Cargando\"><\/div><\/form><\/div>  <!-- .wpforms-container -->\n","protected":false},"excerpt":{"rendered":"<p>Workstation Gigabyte W331-Z00 \u2014 nuevo lanzamiento, producto nuevo, ensamblado por P&amp;P.<br \/>\nPotente, estable y lista para tareas profesionales. Ya disponible.<br \/>\n\u00b7Procesador: AMD Ryzen\u2122 5700G (8 n\u00facleos \/ 16 hilos) con gr\u00e1ficos integrados<br \/>\n\u00b7Memoria: 16 GB DDR4<br \/>\n\u00b7Almacenamiento: SSD 1 TB de alta velocidad<br \/>\n\u00b7Conectividad: 2\u00d7 LAN Gigabit<br \/>\n\u00b7HDMI y DisplayPort para monitores m\u00faltiples<br \/>\n\u00b7Fuente de poder: 550 W estable y eficiente<br \/>\n\u00b7Sistema operativo: Windows 11 Preview<\/p>\n","protected":false},"featured_media":4485,"template":"","meta":{"nf_dc_page":"","site-sidebar-layout":"default","site-content-layout":"","ast-site-content-layout":"default","site-content-style":"default","site-sidebar-style":"default","ast-global-header-display":"","ast-banner-title-visibility":"","ast-main-header-display":"","ast-hfb-above-header-display":"","ast-hfb-below-header-display":"","ast-hfb-mobile-header-display":"","site-post-title":"","ast-breadcrumbs-content":"","ast-featured-img":"","footer-sml-layout":"","ast-disable-related-posts":"","theme-transparent-header-meta":"default","adv-header-id-meta":"","stick-header-meta":"","header-above-stick-meta":"","header-main-stick-meta":"","header-below-stick-meta":"","astra-migrate-meta-layouts":"set","ast-page-background-enabled":"default","ast-page-background-meta":{"desktop":{"background-color":"var(--ast-global-color-4)","background-image":"","background-repeat":"repeat","background-position":"center center","background-size":"auto","background-attachment":"scroll","background-type":"","background-media":"","overlay-type":"","overlay-color":"","overlay-opacity":"","overlay-gradient":""},"tablet":{"background-color":"","background-image":"","background-repeat":"repeat","background-position":"center center","background-size":"auto","background-attachment":"scroll","background-type":"","background-media":"","overlay-type":"","overlay-color":"","overlay-opacity":"","overlay-gradient":""},"mobile":{"background-color":"","background-image":"","background-repeat":"repeat","background-position":"center center","background-size":"auto","background-attachment":"scroll","background-type":"","background-media":"","overlay-type":"","overlay-color":"","overlay-opacity":"","overlay-gradient":""}},"ast-content-background-meta":{"desktop":{"background-color":"var(--ast-global-color-5)","background-image":"","background-repeat":"repeat","background-position":"center center","background-size":"auto","background-attachment":"scroll","background-type":"","background-media":"","overlay-type":"","overlay-color":"","overlay-opacity":"","overlay-gradient":""},"tablet":{"background-color":"var(--ast-global-color-5)","background-image":"","background-repeat":"repeat","background-position":"center center","background-size":"auto","background-attachment":"scroll","background-type":"","background-media":"","overlay-type":"","overlay-color":"","overlay-opacity":"","overlay-gradient":""},"mobile":{"background-color":"var(--ast-global-color-5)","background-image":"","background-repeat":"repeat","background-position":"center center","background-size":"auto","background-attachment":"scroll","background-type":"","background-media":"","overlay-type":"","overlay-color":"","overlay-opacity":"","overlay-gradient":""}}},"pwb-brand":[80],"product_brand":[],"product_cat":[85,22,158],"product_tag":[159],"class_list":{"0":"post-4484","1":"product","2":"type-product","3":"status-publish","4":"has-post-thumbnail","6":"pwb-brand-gigabyte","7":"product_cat-lo-ultimo-en-tecnologia","8":"product_cat-productos-recomendados","9":"product_cat-workstation","10":"product_tag-workstation","11":"desktop-align-left","12":"tablet-align-left","13":"mobile-align-left","15":"first","16":"instock","17":"shipping-taxable","18":"product-type-simple"},"aioseo_notices":[],"brands":[{"id":80,"name":"Gigabyte","slug":"gigabyte"}],"_links":{"self":[{"href":"https:\/\/procesadores.mx\/pypr\/wp-json\/wp\/v2\/product\/4484","targetHints":{"allow":["GET"]}}],"collection":[{"href":"https:\/\/procesadores.mx\/pypr\/wp-json\/wp\/v2\/product"}],"about":[{"href":"https:\/\/procesadores.mx\/pypr\/wp-json\/wp\/v2\/types\/product"}],"wp:featuredmedia":[{"embeddable":true,"href":"https:\/\/procesadores.mx\/pypr\/wp-json\/wp\/v2\/media\/4485"}],"wp:attachment":[{"href":"https:\/\/procesadores.mx\/pypr\/wp-json\/wp\/v2\/media?parent=4484"}],"wp:term":[{"taxonomy":"pwb-brand","embeddable":true,"href":"https:\/\/procesadores.mx\/pypr\/wp-json\/wp\/v2\/pwb-brand?post=4484"},{"taxonomy":"product_brand","embeddable":true,"href":"https:\/\/procesadores.mx\/pypr\/wp-json\/wp\/v2\/product_brand?post=4484"},{"taxonomy":"product_cat","embeddable":true,"href":"https:\/\/procesadores.mx\/pypr\/wp-json\/wp\/v2\/product_cat?post=4484"},{"taxonomy":"product_tag","embeddable":true,"href":"https:\/\/procesadores.mx\/pypr\/wp-json\/wp\/v2\/product_tag?post=4484"}],"curies":[{"name":"wp","href":"https:\/\/api.w.org\/{rel}","templated":true}]}}