{"id":695,"date":"2025-03-01T20:21:10","date_gmt":"2025-03-01T20:21:10","guid":{"rendered":"https:\/\/procesadores.mx\/pypr\/?post_type=product&#038;p=695"},"modified":"2025-03-22T20:55:02","modified_gmt":"2025-03-22T20:55:02","slug":"asrock-monitor-gamer-25-challenger-series","status":"publish","type":"product","link":"https:\/\/procesadores.mx\/pypr\/producto\/asrock-monitor-gamer-25-challenger-series\/","title":{"rendered":"ASRock Monitor Gamer 25&#8243; Challenger Series"},"content":{"rendered":"<p>El ASRock Challenger Series 25\u201d cuenta con un panel IPS de 25 pulgadas que brinda colores precisos y amplios \u00e1ngulos de visi\u00f3n. Su tasa de refresco de 165 Hz y tiempo de respuesta de 1 ms garantizan una experiencia de juego fluida y sin desenfoques. Compatible con AMD FreeSync\u2122 Premium, elimina el tearing para un rendimiento m\u00e1s estable.<br \/>\nConectividad vers\u00e1til mediante HDMI y DisplayPort, dise\u00f1o ergon\u00f3mico y tecnolog\u00eda de reducci\u00f3n de luz azul para mayor comodidad visual en largas sesiones de juego.<\/p>\n","protected":false},"excerpt":{"rendered":"<p>Vive una experiencia de juego fluida con el ASRock Challenger Series 25\u201d, un monitor gamer dise\u00f1ado para ofrecer im\u00e1genes n\u00edtidas, colores vibrantes y una respuesta ultrarr\u00e1pida.<\/p>\n","protected":false},"featured_media":683,"template":"","meta":{"nf_dc_page":"","site-sidebar-layout":"default","site-content-layout":"","ast-site-content-layout":"default","site-content-style":"default","site-sidebar-style":"default","ast-global-header-display":"","ast-banner-title-visibility":"","ast-main-header-display":"","ast-hfb-above-header-display":"","ast-hfb-below-header-display":"","ast-hfb-mobile-header-display":"","site-post-title":"","ast-breadcrumbs-content":"","ast-featured-img":"","footer-sml-layout":"","ast-disable-related-posts":"","theme-transparent-header-meta":"default","adv-header-id-meta":"","stick-header-meta":"","header-above-stick-meta":"","header-main-stick-meta":"","header-below-stick-meta":"","astra-migrate-meta-layouts":"set","ast-page-background-enabled":"default","ast-page-background-meta":{"desktop":{"background-color":"var(--ast-global-color-4)","background-image":"","background-repeat":"repeat","background-position":"center center","background-size":"auto","background-attachment":"scroll","background-type":"","background-media":"","overlay-type":"","overlay-color":"","overlay-opacity":"","overlay-gradient":""},"tablet":{"background-color":"","background-image":"","background-repeat":"repeat","background-position":"center center","background-size":"auto","background-attachment":"scroll","background-type":"","background-media":"","overlay-type":"","overlay-color":"","overlay-opacity":"","overlay-gradient":""},"mobile":{"background-color":"","background-image":"","background-repeat":"repeat","background-position":"center center","background-size":"auto","background-attachment":"scroll","background-type":"","background-media":"","overlay-type":"","overlay-color":"","overlay-opacity":"","overlay-gradient":""}},"ast-content-background-meta":{"desktop":{"background-color":"var(--ast-global-color-5)","background-image":"","background-repeat":"repeat","background-position":"center center","background-size":"auto","background-attachment":"scroll","background-type":"","background-media":"","overlay-type":"","overlay-color":"","overlay-opacity":"","overlay-gradient":""},"tablet":{"background-color":"var(--ast-global-color-5)","background-image":"","background-repeat":"repeat","background-position":"center center","background-size":"auto","background-attachment":"scroll","background-type":"","background-media":"","overlay-type":"","overlay-color":"","overlay-opacity":"","overlay-gradient":""},"mobile":{"background-color":"var(--ast-global-color-5)","background-image":"","background-repeat":"repeat","background-position":"center center","background-size":"auto","background-attachment":"scroll","background-type":"","background-media":"","overlay-type":"","overlay-color":"","overlay-opacity":"","overlay-gradient":""}}},"pwb-brand":[70],"product_brand":[],"product_cat":[32],"product_tag":[59],"class_list":{"0":"post-695","1":"product","2":"type-product","3":"status-publish","4":"has-post-thumbnail","6":"pwb-brand-asrock","7":"product_cat-pantallas","8":"product_tag-monitor","9":"desktop-align-left","10":"tablet-align-left","11":"mobile-align-left","13":"first","14":"instock","15":"shipping-taxable","16":"product-type-simple"},"aioseo_notices":[],"brands":[{"id":70,"name":"ASRock","slug":"asrock"}],"_links":{"self":[{"href":"https:\/\/procesadores.mx\/pypr\/wp-json\/wp\/v2\/product\/695","targetHints":{"allow":["GET"]}}],"collection":[{"href":"https:\/\/procesadores.mx\/pypr\/wp-json\/wp\/v2\/product"}],"about":[{"href":"https:\/\/procesadores.mx\/pypr\/wp-json\/wp\/v2\/types\/product"}],"wp:featuredmedia":[{"embeddable":true,"href":"https:\/\/procesadores.mx\/pypr\/wp-json\/wp\/v2\/media\/683"}],"wp:attachment":[{"href":"https:\/\/procesadores.mx\/pypr\/wp-json\/wp\/v2\/media?parent=695"}],"wp:term":[{"taxonomy":"pwb-brand","embeddable":true,"href":"https:\/\/procesadores.mx\/pypr\/wp-json\/wp\/v2\/pwb-brand?post=695"},{"taxonomy":"product_brand","embeddable":true,"href":"https:\/\/procesadores.mx\/pypr\/wp-json\/wp\/v2\/product_brand?post=695"},{"taxonomy":"product_cat","embeddable":true,"href":"https:\/\/procesadores.mx\/pypr\/wp-json\/wp\/v2\/product_cat?post=695"},{"taxonomy":"product_tag","embeddable":true,"href":"https:\/\/procesadores.mx\/pypr\/wp-json\/wp\/v2\/product_tag?post=695"}],"curies":[{"name":"wp","href":"https:\/\/api.w.org\/{rel}","templated":true}]}}